{"id":914,"date":"2021-08-23T14:50:37","date_gmt":"2021-08-23T12:50:37","guid":{"rendered":"https:\/\/www.popshaker.fr\/?page_id=914"},"modified":"2024-05-15T16:42:23","modified_gmt":"2024-05-15T14:42:23","slug":"soiree-dansante","status":"publish","type":"page","link":"https:\/\/www.popshaker.fr\/en\/soiree-dansante\/","title":{"rendered":"Dance Party"},"content":{"rendered":"<div data-elementor-type=\"wp-page\" data-elementor-id=\"914\" class=\"elementor elementor-914\">\n\t\t\t\t\t\t<section class=\"elementor-section elementor-top-section elementor-element elementor-element-66213aa elementor-section-full_width elementor-section-stretched elementor-section-height-default elementor-section-height-default\" data-id=\"66213aa\" data-element_type=\"section\" data-e-type=\"section\" data-settings=\"{&quot;stretch_section&quot;:&quot;section-stretched&quot;,&quot;background_background&quot;:&quot;video&quot;,&quot;background_video_link&quot;:&quot;https:\\\/\\\/youtu.be\\\/PpAC4DD-0A8&quot;,&quot;background_video_start&quot;:20}\">\n\t\t\t\t\t\t\t\t<div class=\"elementor-background-video-container elementor-hidden-mobile\">\n\t\t\t\t\t\t\t\t\t\t\t\t\t<div class=\"elementor-background-video-embed\" role=\"presentation\"><\/div>\n\t\t\t\t\t\t\t\t\t\t\t\t<\/div>\n\t\t\t\t\t\t\t\t\t<div class=\"elementor-background-overlay\"><\/div>\n\t\t\t\t\t\t\t<div class=\"elementor-container elementor-column-gap-default\">\n\t\t\t\t\t<div class=\"elementor-column elementor-col-100 elementor-top-column elementor-element elementor-element-4eb8e64\" data-id=\"4eb8e64\" data-element_type=\"column\" data-e-type=\"column\">\n\t\t\t<div class=\"elementor-widget-wrap elementor-element-populated\">\n\t\t\t\t\t\t<section class=\"elementor-section elementor-inner-section elementor-element elementor-element-4c2c74d elementor-section-boxed elementor-section-height-default elementor-section-height-default\" data-id=\"4c2c74d\" data-element_type=\"section\" data-e-type=\"section\" data-settings=\"{&quot;background_background&quot;:&quot;classic&quot;}\">\n\t\t\t\t\t\t<div class=\"elementor-container elementor-column-gap-default\">\n\t\t\t\t\t<div class=\"elementor-column elementor-col-100 elementor-inner-column elementor-element elementor-element-f784007\" data-id=\"f784007\" data-element_type=\"column\" data-e-type=\"column\">\n\t\t\t<div class=\"elementor-widget-wrap elementor-element-populated\">\n\t\t\t\t\t\t<div class=\"elementor-element elementor-element-ec5e4a1 elementor-widget elementor-widget-heading\" data-id=\"ec5e4a1\" data-element_type=\"widget\" data-e-type=\"widget\" data-widget_type=\"heading.default\">\n\t\t\t\t<div class=\"elementor-widget-container\">\n\t\t\t\t\t<h3 class=\"elementor-heading-title elementor-size-default\">The electric quartet Popshaker will make you dance to the rock and pop-rock hits from the 60s to the present day.<\/h3>\t\t\t\t<\/div>\n\t\t\t\t<\/div>\n\t\t\t\t\t<\/div>\n\t\t<\/div>\n\t\t\t\t\t<\/div>\n\t\t<\/section>\n\t\t\t\t<section class=\"elementor-section elementor-inner-section elementor-element elementor-element-174fbd1 elementor-section-boxed elementor-section-height-default elementor-section-height-default\" data-id=\"174fbd1\" data-element_type=\"section\" data-e-type=\"section\">\n\t\t\t\t\t\t<div class=\"elementor-container elementor-column-gap-default\">\n\t\t\t\t\t<div class=\"elementor-column elementor-col-50 elementor-inner-column elementor-element elementor-element-cdd77ef\" data-id=\"cdd77ef\" data-element_type=\"column\" data-e-type=\"column\">\n\t\t\t<div class=\"elementor-widget-wrap elementor-element-populated\">\n\t\t\t\t\t\t<div class=\"elementor-element elementor-element-183473c elementor-widget elementor-widget-video\" data-id=\"183473c\" data-element_type=\"widget\" data-e-type=\"widget\" data-settings=\"{&quot;youtube_url&quot;:&quot;https:\\\/\\\/www.youtube.com\\\/watch?v=PpAC4DD-0A8&quot;,&quot;video_type&quot;:&quot;youtube&quot;,&quot;controls&quot;:&quot;yes&quot;}\" data-widget_type=\"video.default\">\n\t\t\t\t<div class=\"elementor-widget-container\">\n\t\t\t\t\t\t\t<div class=\"elementor-wrapper elementor-open-inline\">\n\t\t\t<div class=\"elementor-video\"><\/div>\t\t<\/div>\n\t\t\t\t\t\t<\/div>\n\t\t\t\t<\/div>\n\t\t\t\t<div class=\"elementor-element elementor-element-0760374 elementor-widget elementor-widget-video\" data-id=\"0760374\" data-element_type=\"widget\" data-e-type=\"widget\" data-settings=\"{&quot;youtube_url&quot;:&quot;https:\\\/\\\/www.youtube.com\\\/watch?v=9x-YvOM-_JM&quot;,&quot;video_type&quot;:&quot;youtube&quot;,&quot;controls&quot;:&quot;yes&quot;}\" data-widget_type=\"video.default\">\n\t\t\t\t<div class=\"elementor-widget-container\">\n\t\t\t\t\t\t\t<div class=\"elementor-wrapper elementor-open-inline\">\n\t\t\t<div class=\"elementor-video\"><\/div>\t\t<\/div>\n\t\t\t\t\t\t<\/div>\n\t\t\t\t<\/div>\n\t\t\t\t\t<\/div>\n\t\t<\/div>\n\t\t\t\t<div class=\"elementor-column elementor-col-50 elementor-inner-column elementor-element elementor-element-2a76a56\" data-id=\"2a76a56\" data-element_type=\"column\" data-e-type=\"column\">\n\t\t\t<div class=\"elementor-widget-wrap elementor-element-populated\">\n\t\t\t\t\t\t<div class=\"elementor-element elementor-element-9bd8b60 elementor-widget elementor-widget-spacer\" data-id=\"9bd8b60\" data-element_type=\"widget\" data-e-type=\"widget\" data-widget_type=\"spacer.default\">\n\t\t\t\t<div class=\"elementor-widget-container\">\n\t\t\t\t\t\t\t<div class=\"elementor-spacer\">\n\t\t\t<div class=\"elementor-spacer-inner\"><\/div>\n\t\t<\/div>\n\t\t\t\t\t\t<\/div>\n\t\t\t\t<\/div>\n\t\t\t\t<div class=\"elementor-element elementor-element-f282592 elementor-widget elementor-widget-text-editor\" data-id=\"f282592\" data-element_type=\"widget\" data-e-type=\"widget\" data-widget_type=\"text-editor.default\">\n\t\t\t\t<div class=\"elementor-widget-container\">\n\t\t\t\t\t\t\t\t\t<p class=\"translation-block\">Popshaker, the essential professional band for weddings, corporate events, music evenings, and concerts.<br><br>Based in Bordeaux, our quartet will make you dance to your favorite rock and pop-rock songs, taking you on a musical journey from the 60s to the present day.<br><br>Furthermore, we offer a package with electronic drums to reduce stage volume and sound.<br><br>Let yourself be carried away by our contagious energy and experience unforgettable moments with Popshaker!<\/p>\t\t\t\t\t\t\t\t<\/div>\n\t\t\t\t<\/div>\n\t\t\t\t<div class=\"elementor-element elementor-element-faefe46 elementor-widget elementor-widget-spacer\" data-id=\"faefe46\" data-element_type=\"widget\" data-e-type=\"widget\" data-widget_type=\"spacer.default\">\n\t\t\t\t<div class=\"elementor-widget-container\">\n\t\t\t\t\t\t\t<div class=\"elementor-spacer\">\n\t\t\t<div class=\"elementor-spacer-inner\"><\/div>\n\t\t<\/div>\n\t\t\t\t\t\t<\/div>\n\t\t\t\t<\/div>\n\t\t\t\t<div class=\"elementor-element elementor-element-1bea3ea elementor-align-center elementor-widget elementor-widget-button\" data-id=\"1bea3ea\" data-element_type=\"widget\" data-e-type=\"widget\" data-widget_type=\"button.default\">\n\t\t\t\t<div class=\"elementor-widget-container\">\n\t\t\t\t\t\t\t\t\t<div class=\"elementor-button-wrapper\">\n\t\t\t\t\t<a class=\"elementor-button elementor-button-link elementor-size-sm\" href=\"https:\/\/www.popshaker.fr\/en\/contact\/\">\n\t\t\t\t\t\t<span class=\"elementor-button-content-wrapper\">\n\t\t\t\t\t\t\t\t\t<span class=\"elementor-button-text\">Quote request<\/span>\n\t\t\t\t\t<\/span>\n\t\t\t\t\t<\/a>\n\t\t\t\t<\/div>\n\t\t\t\t\t\t\t\t<\/div>\n\t\t\t\t<\/div>\n\t\t\t\t\t<\/div>\n\t\t<\/div>\n\t\t\t\t\t<\/div>\n\t\t<\/section>\n\t\t\t\t<section class=\"elementor-section elementor-inner-section elementor-element elementor-element-28e0cb4 elementor-section-boxed elementor-section-height-default elementor-section-height-default\" data-id=\"28e0cb4\" data-element_type=\"section\" data-e-type=\"section\" data-settings=\"{&quot;background_background&quot;:&quot;classic&quot;}\">\n\t\t\t\t\t\t<div class=\"elementor-container elementor-column-gap-default\">\n\t\t\t\t\t<div class=\"elementor-column elementor-col-100 elementor-inner-column elementor-element elementor-element-f780217\" data-id=\"f780217\" data-element_type=\"column\" data-e-type=\"column\">\n\t\t\t<div class=\"elementor-widget-wrap elementor-element-populated\">\n\t\t\t\t\t\t<div class=\"elementor-element elementor-element-1d95d81 elementor-widget elementor-widget-heading\" data-id=\"1d95d81\" data-element_type=\"widget\" data-e-type=\"widget\" data-widget_type=\"heading.default\">\n\t\t\t\t<div class=\"elementor-widget-container\">\n\t\t\t\t\t<h2 class=\"elementor-heading-title elementor-size-default\">Setlist<\/h2>\t\t\t\t<\/div>\n\t\t\t\t<\/div>\n\t\t\t\t<div class=\"elementor-element elementor-element-8da66fd elementor-widget elementor-widget-text-editor\" data-id=\"8da66fd\" data-element_type=\"widget\" data-e-type=\"widget\" data-widget_type=\"text-editor.default\">\n\t\t\t\t<div class=\"elementor-widget-container\">\n\t\t\t\t\t\t\t\t\t<p>Adele \u2013 Rolling in the deep<br \/>Bee Gees \u2013 How deep is your love<br \/>Billie Eilish \u2013 Bad guy<br \/>Blur \u2013 Girls and boys<br \/>Coldplay \u2013 Clocks<br \/>Coldplay \u2013 Trouble<br \/>Duffy \u2013 Mercy<br \/>Fool\u2019s Garden \u2013 Lemon tree<br \/>Franz Ferdinand \u2013 Take me out<br \/>Gossip \u2013 Heavy cross<br \/>Green day \u2013 Basket case<br \/>Kate Bush \u2013 Running up that hill<br \/>Les Innocents &#8211; Colore<br \/>Les Rita Mitsouko \u2013 C&rsquo;est comme \u00e7a<br \/>Lily Allen \u2013 Fuck you<br \/>M \u2013 Je dis aime<br \/>M \u2013 Onde sensuelle<br \/>Matthieu Cheddid et Vanessa Paradis \u2013 La Seine<br \/>Mike &amp; the Mechanics \u2013 Over my shoulder<br \/>Nancy Sinatra \u2013 These boots are made<br \/>Oasis &#8211; Wonderwall<br \/>Phil Collins \u2013 Easy lover<br \/>Placebo \u2013 The bitter end<br \/>Portishead \u2013 Glory box<br \/>Queen \u2013 Another one bites the dust<br \/>Queen \u2013 Don\u2019t stop me now<br \/>REM \u2013 Shiny happy people<br \/>Red Hot Chili Peppers \u2013 Aeroplane<br \/>Supergrass &#8211; Alright<br \/>Supertramp \u2013 Logical song<br \/>The Beach Boys \u2013 Surfin USA<br \/>The Beatles \u2013 Help<br \/>The Beatles \u2013 Twist and shout<br \/>The Cardigans \u2013 Lovefool<br \/>The Cardigans \u2013 My Favorite game<br \/>The Cranberries \u2013 Salvation<br \/>The Cranberries &#8211; Zombie<br \/>The Doobie Brothers \u2013 Long train running<br \/>The Police \u2013 Message in a bottle<br \/>The Police \u2013 Roxanne<br \/>The Presidents of the USA \u2013 Lump<br \/>The Rolling Stones \u2013 Paint it black<br \/>The Smashing Pumpkins \u2013 1979<br \/>U2 \u2013 Sunday bloody sunday<br \/>U2 \u2013 New year&rsquo;s day<br \/>Weezer \u2013 Island in the sun <\/p>\t\t\t\t\t\t\t\t<\/div>\n\t\t\t\t<\/div>\n\t\t\t\t\t<\/div>\n\t\t<\/div>\n\t\t\t\t\t<\/div>\n\t\t<\/section>\n\t\t\t\t\t<\/div>\n\t\t<\/div>\n\t\t\t\t\t<\/div>\n\t\t<\/section>\n\t\t\t\t<\/div>","protected":false},"excerpt":{"rendered":"<p>Le quatuor \u00e9lectrique Popshaker vous fait danser sur les tubes rock et pop-rock des ann\u00e9es 60 \u00e0 nos jours. Popshaker, le groupe professionnel incontournable pour animer mariages, cocktails d\u2019entreprise, soir\u00e9es musicales et concerts. Bas\u00e9 \u00e0 Bordeaux, notre quatuor vous fait danser sur vos morceaux rock et pop rock pr\u00e9f\u00e9r\u00e9s, vous transportant \u00e0 travers un voyage [&hellip;]<\/p>\n","protected":false},"author":1,"featured_media":915,"parent":0,"menu_order":0,"comment_status":"closed","ping_status":"closed","template":"elementor_header_footer","meta":{"footnotes":""},"class_list":["post-914","page","type-page","status-publish","has-post-thumbnail","hentry"],"yoast_head":"<!-- This site is optimized with the Yoast SEO plugin v27.3 - https:\/\/yoast.com\/product\/yoast-seo-wordpress\/ -->\n<title>Soir\u00e9e dansante - Popshaker<\/title>\n<meta name=\"robots\" content=\"index, follow, max-snippet:-1, max-image-preview:large, max-video-preview:-1\" \/>\n<link rel=\"canonical\" href=\"https:\/\/www.popshaker.fr\/en\/soiree-dansante\/\" \/>\n<meta property=\"og:locale\" content=\"en_US\" \/>\n<meta property=\"og:type\" content=\"article\" \/>\n<meta property=\"og:title\" content=\"Soir\u00e9e dansante - Popshaker\" \/>\n<meta property=\"og:description\" content=\"Le quatuor \u00e9lectrique Popshaker vous fait danser sur les tubes rock et pop-rock des ann\u00e9es 60 \u00e0 nos jours. Popshaker, le groupe professionnel incontournable pour animer mariages, cocktails d\u2019entreprise, soir\u00e9es musicales et concerts. Bas\u00e9 \u00e0 Bordeaux, notre quatuor vous fait danser sur vos morceaux rock et pop rock pr\u00e9f\u00e9r\u00e9s, vous transportant \u00e0 travers un voyage [&hellip;]\" \/>\n<meta property=\"og:url\" content=\"https:\/\/www.popshaker.fr\/en\/soiree-dansante\/\" \/>\n<meta property=\"og:site_name\" content=\"Popshaker\" \/>\n<meta property=\"article:publisher\" content=\"https:\/\/www.facebook.com\/PopshakerFR\" \/>\n<meta property=\"article:modified_time\" content=\"2024-05-15T14:42:23+00:00\" \/>\n<meta property=\"og:image\" content=\"https:\/\/www.popshaker.fr\/wp-content\/uploads\/2021\/08\/Front-4-guyslogo.jpg\" \/>\n\t<meta property=\"og:image:width\" content=\"1440\" \/>\n\t<meta property=\"og:image:height\" content=\"540\" \/>\n\t<meta property=\"og:image:type\" content=\"image\/jpeg\" \/>\n<meta name=\"twitter:card\" content=\"summary_large_image\" \/>\n<meta name=\"twitter:site\" content=\"@Popshaker3\" \/>\n<meta name=\"twitter:label1\" content=\"Est. reading time\" \/>\n\t<meta name=\"twitter:data1\" content=\"2 minutes\" \/>\n<script type=\"application\/ld+json\" class=\"yoast-schema-graph\">{\"@context\":\"https:\\\/\\\/schema.org\",\"@graph\":[{\"@type\":\"WebPage\",\"@id\":\"https:\\\/\\\/www.popshaker.fr\\\/soiree-dansante\\\/\",\"url\":\"https:\\\/\\\/www.popshaker.fr\\\/soiree-dansante\\\/\",\"name\":\"Soir\u00e9e dansante - Popshaker\",\"isPartOf\":{\"@id\":\"https:\\\/\\\/www.popshaker.fr\\\/#website\"},\"primaryImageOfPage\":{\"@id\":\"https:\\\/\\\/www.popshaker.fr\\\/soiree-dansante\\\/#primaryimage\"},\"image\":{\"@id\":\"https:\\\/\\\/www.popshaker.fr\\\/soiree-dansante\\\/#primaryimage\"},\"thumbnailUrl\":\"https:\\\/\\\/www.popshaker.fr\\\/wp-content\\\/uploads\\\/2021\\\/08\\\/Front-4-guyslogo.jpg\",\"datePublished\":\"2021-08-23T12:50:37+00:00\",\"dateModified\":\"2024-05-15T14:42:23+00:00\",\"breadcrumb\":{\"@id\":\"https:\\\/\\\/www.popshaker.fr\\\/soiree-dansante\\\/#breadcrumb\"},\"inLanguage\":\"en-US\",\"potentialAction\":[{\"@type\":\"ReadAction\",\"target\":[\"https:\\\/\\\/www.popshaker.fr\\\/soiree-dansante\\\/\"]}]},{\"@type\":\"ImageObject\",\"inLanguage\":\"en-US\",\"@id\":\"https:\\\/\\\/www.popshaker.fr\\\/soiree-dansante\\\/#primaryimage\",\"url\":\"https:\\\/\\\/www.popshaker.fr\\\/wp-content\\\/uploads\\\/2021\\\/08\\\/Front-4-guyslogo.jpg\",\"contentUrl\":\"https:\\\/\\\/www.popshaker.fr\\\/wp-content\\\/uploads\\\/2021\\\/08\\\/Front-4-guyslogo.jpg\",\"width\":1440,\"height\":540},{\"@type\":\"BreadcrumbList\",\"@id\":\"https:\\\/\\\/www.popshaker.fr\\\/soiree-dansante\\\/#breadcrumb\",\"itemListElement\":[{\"@type\":\"ListItem\",\"position\":1,\"name\":\"Accueil\",\"item\":\"https:\\\/\\\/www.popshaker.fr\\\/\"},{\"@type\":\"ListItem\",\"position\":2,\"name\":\"Soir\u00e9e dansante\"}]},{\"@type\":\"WebSite\",\"@id\":\"https:\\\/\\\/www.popshaker.fr\\\/#website\",\"url\":\"https:\\\/\\\/www.popshaker.fr\\\/\",\"name\":\"Popshaker - Concert Pop Rock\",\"description\":\"Concerts Pop Rock Bordeaux Gironde \",\"publisher\":{\"@id\":\"https:\\\/\\\/www.popshaker.fr\\\/#organization\"},\"potentialAction\":[{\"@type\":\"SearchAction\",\"target\":{\"@type\":\"EntryPoint\",\"urlTemplate\":\"https:\\\/\\\/www.popshaker.fr\\\/?s={search_term_string}\"},\"query-input\":{\"@type\":\"PropertyValueSpecification\",\"valueRequired\":true,\"valueName\":\"search_term_string\"}}],\"inLanguage\":\"en-US\"},{\"@type\":\"Organization\",\"@id\":\"https:\\\/\\\/www.popshaker.fr\\\/#organization\",\"name\":\"Popshaker\",\"url\":\"https:\\\/\\\/www.popshaker.fr\\\/\",\"logo\":{\"@type\":\"ImageObject\",\"inLanguage\":\"en-US\",\"@id\":\"https:\\\/\\\/www.popshaker.fr\\\/#\\\/schema\\\/logo\\\/image\\\/\",\"url\":\"https:\\\/\\\/www.popshaker.fr\\\/wp-content\\\/uploads\\\/2023\\\/06\\\/profile.png\",\"contentUrl\":\"https:\\\/\\\/www.popshaker.fr\\\/wp-content\\\/uploads\\\/2023\\\/06\\\/profile.png\",\"width\":300,\"height\":300,\"caption\":\"Popshaker\"},\"image\":{\"@id\":\"https:\\\/\\\/www.popshaker.fr\\\/#\\\/schema\\\/logo\\\/image\\\/\"},\"sameAs\":[\"https:\\\/\\\/www.facebook.com\\\/PopshakerFR\",\"https:\\\/\\\/x.com\\\/Popshaker3\",\"https:\\\/\\\/www.tiktok.com\\\/@popshaker_\",\"https:\\\/\\\/www.twitch.tv\\\/popshaker_\",\"https:\\\/\\\/www.linkedin.com\\\/company\\\/75486628\",\"https:\\\/\\\/www.instagram.com\\\/popshakerfr\\\/?hl=fr\",\"https:\\\/\\\/www.youtube.com\\\/channel\\\/UCeJEitATzKpr358r1GuaKwA\"]}]}<\/script>\n<!-- \/ Yoast SEO plugin. -->","yoast_head_json":{"title":"Soir\u00e9e dansante - Popshaker","robots":{"index":"index","follow":"follow","max-snippet":"max-snippet:-1","max-image-preview":"max-image-preview:large","max-video-preview":"max-video-preview:-1"},"canonical":"https:\/\/www.popshaker.fr\/en\/soiree-dansante\/","og_locale":"en_US","og_type":"article","og_title":"Soir\u00e9e dansante - Popshaker","og_description":"Le quatuor \u00e9lectrique Popshaker vous fait danser sur les tubes rock et pop-rock des ann\u00e9es 60 \u00e0 nos jours. Popshaker, le groupe professionnel incontournable pour animer mariages, cocktails d\u2019entreprise, soir\u00e9es musicales et concerts. Bas\u00e9 \u00e0 Bordeaux, notre quatuor vous fait danser sur vos morceaux rock et pop rock pr\u00e9f\u00e9r\u00e9s, vous transportant \u00e0 travers un voyage [&hellip;]","og_url":"https:\/\/www.popshaker.fr\/en\/soiree-dansante\/","og_site_name":"Popshaker","article_publisher":"https:\/\/www.facebook.com\/PopshakerFR","article_modified_time":"2024-05-15T14:42:23+00:00","og_image":[{"width":1440,"height":540,"url":"https:\/\/www.popshaker.fr\/wp-content\/uploads\/2021\/08\/Front-4-guyslogo.jpg","type":"image\/jpeg"}],"twitter_card":"summary_large_image","twitter_site":"@Popshaker3","twitter_misc":{"Est. reading time":"2 minutes"},"schema":{"@context":"https:\/\/schema.org","@graph":[{"@type":"WebPage","@id":"https:\/\/www.popshaker.fr\/soiree-dansante\/","url":"https:\/\/www.popshaker.fr\/soiree-dansante\/","name":"Soir\u00e9e dansante - Popshaker","isPartOf":{"@id":"https:\/\/www.popshaker.fr\/#website"},"primaryImageOfPage":{"@id":"https:\/\/www.popshaker.fr\/soiree-dansante\/#primaryimage"},"image":{"@id":"https:\/\/www.popshaker.fr\/soiree-dansante\/#primaryimage"},"thumbnailUrl":"https:\/\/www.popshaker.fr\/wp-content\/uploads\/2021\/08\/Front-4-guyslogo.jpg","datePublished":"2021-08-23T12:50:37+00:00","dateModified":"2024-05-15T14:42:23+00:00","breadcrumb":{"@id":"https:\/\/www.popshaker.fr\/soiree-dansante\/#breadcrumb"},"inLanguage":"en-US","potentialAction":[{"@type":"ReadAction","target":["https:\/\/www.popshaker.fr\/soiree-dansante\/"]}]},{"@type":"ImageObject","inLanguage":"en-US","@id":"https:\/\/www.popshaker.fr\/soiree-dansante\/#primaryimage","url":"https:\/\/www.popshaker.fr\/wp-content\/uploads\/2021\/08\/Front-4-guyslogo.jpg","contentUrl":"https:\/\/www.popshaker.fr\/wp-content\/uploads\/2021\/08\/Front-4-guyslogo.jpg","width":1440,"height":540},{"@type":"BreadcrumbList","@id":"https:\/\/www.popshaker.fr\/soiree-dansante\/#breadcrumb","itemListElement":[{"@type":"ListItem","position":1,"name":"Accueil","item":"https:\/\/www.popshaker.fr\/"},{"@type":"ListItem","position":2,"name":"Soir\u00e9e dansante"}]},{"@type":"WebSite","@id":"https:\/\/www.popshaker.fr\/#website","url":"https:\/\/www.popshaker.fr\/","name":"Popshaker - Concert Pop Rock","description":"Concerts Pop Rock Bordeaux Gironde","publisher":{"@id":"https:\/\/www.popshaker.fr\/#organization"},"potentialAction":[{"@type":"SearchAction","target":{"@type":"EntryPoint","urlTemplate":"https:\/\/www.popshaker.fr\/?s={search_term_string}"},"query-input":{"@type":"PropertyValueSpecification","valueRequired":true,"valueName":"search_term_string"}}],"inLanguage":"en-US"},{"@type":"Organization","@id":"https:\/\/www.popshaker.fr\/#organization","name":"Popshaker","url":"https:\/\/www.popshaker.fr\/","logo":{"@type":"ImageObject","inLanguage":"en-US","@id":"https:\/\/www.popshaker.fr\/#\/schema\/logo\/image\/","url":"https:\/\/www.popshaker.fr\/wp-content\/uploads\/2023\/06\/profile.png","contentUrl":"https:\/\/www.popshaker.fr\/wp-content\/uploads\/2023\/06\/profile.png","width":300,"height":300,"caption":"Popshaker"},"image":{"@id":"https:\/\/www.popshaker.fr\/#\/schema\/logo\/image\/"},"sameAs":["https:\/\/www.facebook.com\/PopshakerFR","https:\/\/x.com\/Popshaker3","https:\/\/www.tiktok.com\/@popshaker_","https:\/\/www.twitch.tv\/popshaker_","https:\/\/www.linkedin.com\/company\/75486628","https:\/\/www.instagram.com\/popshakerfr\/?hl=fr","https:\/\/www.youtube.com\/channel\/UCeJEitATzKpr358r1GuaKwA"]}]}},"_links":{"self":[{"href":"https:\/\/www.popshaker.fr\/en\/wp-json\/wp\/v2\/pages\/914","targetHints":{"allow":["GET"]}}],"collection":[{"href":"https:\/\/www.popshaker.fr\/en\/wp-json\/wp\/v2\/pages"}],"about":[{"href":"https:\/\/www.popshaker.fr\/en\/wp-json\/wp\/v2\/types\/page"}],"author":[{"embeddable":true,"href":"https:\/\/www.popshaker.fr\/en\/wp-json\/wp\/v2\/users\/1"}],"replies":[{"embeddable":true,"href":"https:\/\/www.popshaker.fr\/en\/wp-json\/wp\/v2\/comments?post=914"}],"version-history":[{"count":236,"href":"https:\/\/www.popshaker.fr\/en\/wp-json\/wp\/v2\/pages\/914\/revisions"}],"predecessor-version":[{"id":1753,"href":"https:\/\/www.popshaker.fr\/en\/wp-json\/wp\/v2\/pages\/914\/revisions\/1753"}],"wp:featuredmedia":[{"embeddable":true,"href":"https:\/\/www.popshaker.fr\/en\/wp-json\/wp\/v2\/media\/915"}],"wp:attachment":[{"href":"https:\/\/www.popshaker.fr\/en\/wp-json\/wp\/v2\/media?parent=914"}],"curies":[{"name":"wp","href":"https:\/\/api.w.org\/{rel}","templated":true}]}}