{"id":904,"date":"2021-08-23T14:29:12","date_gmt":"2021-08-23T12:29:12","guid":{"rendered":"https:\/\/www.popshaker.fr\/?page_id=904"},"modified":"2023-10-02T22:25:34","modified_gmt":"2023-10-02T20:25:34","slug":"rockshow-90-00","status":"publish","type":"page","link":"https:\/\/www.popshaker.fr\/en\/rockshow-90-00\/","title":{"rendered":"Rockshow 90&prime;-00&prime;"},"content":{"rendered":"<div data-elementor-type=\"wp-page\" data-elementor-id=\"904\" class=\"elementor elementor-904\">\n\t\t\t\t\t\t<section class=\"elementor-section elementor-top-section elementor-element elementor-element-d0d3c09 elementor-section-full_width elementor-section-stretched elementor-section-height-default elementor-section-height-default\" data-id=\"d0d3c09\" data-element_type=\"section\" data-e-type=\"section\" data-settings=\"{&quot;stretch_section&quot;:&quot;section-stretched&quot;,&quot;background_background&quot;:&quot;video&quot;,&quot;background_video_link&quot;:&quot;https:\\\/\\\/youtu.be\\\/9x-YvOM-_JM&quot;,&quot;background_video_start&quot;:33}\">\n\t\t\t\t\t\t\t\t<div class=\"elementor-background-video-container elementor-hidden-mobile\">\n\t\t\t\t\t\t\t\t\t\t\t\t\t<div class=\"elementor-background-video-embed\" role=\"presentation\"><\/div>\n\t\t\t\t\t\t\t\t\t\t\t\t<\/div>\n\t\t\t\t\t\t\t\t\t<div class=\"elementor-background-overlay\"><\/div>\n\t\t\t\t\t\t\t<div class=\"elementor-container elementor-column-gap-default\">\n\t\t\t\t\t<div class=\"elementor-column elementor-col-100 elementor-top-column elementor-element elementor-element-bcc542e\" data-id=\"bcc542e\" data-element_type=\"column\" data-e-type=\"column\">\n\t\t\t<div class=\"elementor-widget-wrap elementor-element-populated\">\n\t\t\t\t\t\t<section class=\"elementor-section elementor-inner-section elementor-element elementor-element-2851e13 elementor-section-boxed elementor-section-height-default elementor-section-height-default\" data-id=\"2851e13\" data-element_type=\"section\" data-e-type=\"section\" data-settings=\"{&quot;background_background&quot;:&quot;classic&quot;}\">\n\t\t\t\t\t\t<div class=\"elementor-container elementor-column-gap-default\">\n\t\t\t\t\t<div class=\"elementor-column elementor-col-100 elementor-inner-column elementor-element elementor-element-e2ea6e4\" data-id=\"e2ea6e4\" data-element_type=\"column\" data-e-type=\"column\">\n\t\t\t<div class=\"elementor-widget-wrap elementor-element-populated\">\n\t\t\t\t\t\t<div class=\"elementor-element elementor-element-d554ee4 elementor-widget elementor-widget-heading\" data-id=\"d554ee4\" data-element_type=\"widget\" data-e-type=\"widget\" data-widget_type=\"heading.default\">\n\t\t\t\t<div class=\"elementor-widget-container\">\n\t\t\t\t\t<h3 class=\"elementor-heading-title elementor-size-default\">Rockshow, the perfect set for your themed events, dance parties, and rock festivals.\n<\/h3>\t\t\t\t<\/div>\n\t\t\t\t<\/div>\n\t\t\t\t\t<\/div>\n\t\t<\/div>\n\t\t\t\t\t<\/div>\n\t\t<\/section>\n\t\t\t\t<section class=\"elementor-section elementor-inner-section elementor-element elementor-element-a00b447 elementor-section-boxed elementor-section-height-default elementor-section-height-default\" data-id=\"a00b447\" data-element_type=\"section\" data-e-type=\"section\">\n\t\t\t\t\t\t<div class=\"elementor-container elementor-column-gap-default\">\n\t\t\t\t\t<div class=\"elementor-column elementor-col-50 elementor-inner-column elementor-element elementor-element-dffca30\" data-id=\"dffca30\" data-element_type=\"column\" data-e-type=\"column\">\n\t\t\t<div class=\"elementor-widget-wrap elementor-element-populated\">\n\t\t\t\t\t\t<div class=\"elementor-element elementor-element-0281035 elementor-widget elementor-widget-video\" data-id=\"0281035\" data-element_type=\"widget\" data-e-type=\"widget\" data-settings=\"{&quot;youtube_url&quot;:&quot;https:\\\/\\\/youtu.be\\\/9x-YvOM-_JM&quot;,&quot;video_type&quot;:&quot;youtube&quot;,&quot;controls&quot;:&quot;yes&quot;}\" data-widget_type=\"video.default\">\n\t\t\t\t<div class=\"elementor-widget-container\">\n\t\t\t\t\t\t\t<div class=\"elementor-wrapper elementor-open-inline\">\n\t\t\t<div class=\"elementor-video\"><\/div>\t\t<\/div>\n\t\t\t\t\t\t<\/div>\n\t\t\t\t<\/div>\n\t\t\t\t\t<\/div>\n\t\t<\/div>\n\t\t\t\t<div class=\"elementor-column elementor-col-50 elementor-inner-column elementor-element elementor-element-a974e30\" data-id=\"a974e30\" data-element_type=\"column\" data-e-type=\"column\">\n\t\t\t<div class=\"elementor-widget-wrap elementor-element-populated\">\n\t\t\t\t\t\t<div class=\"elementor-element elementor-element-d4cbeec elementor-widget elementor-widget-text-editor\" data-id=\"d4cbeec\" data-element_type=\"widget\" data-e-type=\"widget\" data-widget_type=\"text-editor.default\">\n\t\t\t\t<div class=\"elementor-widget-container\">\n\t\t\t\t\t\t\t\t\t<p>Popshaker presents a show that reignites the flame for nostalgic partygoers of the 90s and early 2000s. <br \/><br \/>Rediscover the guitar riffs, keyboards, and vocal harmonies that made you groove back in the day!<\/p><p>Our bass lines and drums will make your head nod and dance to the rhythm of these timeless hits. Immerse yourself in an unforgettable era and relive the most infectious memories with Popshaker!<\/p><p>We also offer a package with electronic drums to reduce stage volume and sound.<br \/><br \/>Get ready for a musical experience that will transport you to the past and make you vibe in the present with Popshaker!<\/p>\t\t\t\t\t\t\t\t<\/div>\n\t\t\t\t<\/div>\n\t\t\t\t\t<\/div>\n\t\t<\/div>\n\t\t\t\t\t<\/div>\n\t\t<\/section>\n\t\t\t\t<section class=\"elementor-section elementor-inner-section elementor-element elementor-element-a478259 elementor-section-boxed elementor-section-height-default elementor-section-height-default\" data-id=\"a478259\" data-element_type=\"section\" data-e-type=\"section\" data-settings=\"{&quot;background_background&quot;:&quot;classic&quot;}\">\n\t\t\t\t\t\t<div class=\"elementor-container elementor-column-gap-default\">\n\t\t\t\t\t<div class=\"elementor-column elementor-col-100 elementor-inner-column elementor-element elementor-element-2f384f8\" data-id=\"2f384f8\" data-element_type=\"column\" data-e-type=\"column\">\n\t\t\t<div class=\"elementor-widget-wrap elementor-element-populated\">\n\t\t\t\t\t\t<div class=\"elementor-element elementor-element-5ea5ab3 elementor-widget elementor-widget-heading\" data-id=\"5ea5ab3\" data-element_type=\"widget\" data-e-type=\"widget\" data-widget_type=\"heading.default\">\n\t\t\t\t<div class=\"elementor-widget-container\">\n\t\t\t\t\t<h2 class=\"elementor-heading-title elementor-size-default\">Setlist<\/h2>\t\t\t\t<\/div>\n\t\t\t\t<\/div>\n\t\t\t\t<div class=\"elementor-element elementor-element-ed9d499 elementor-widget elementor-widget-text-editor\" data-id=\"ed9d499\" data-element_type=\"widget\" data-e-type=\"widget\" data-widget_type=\"text-editor.default\">\n\t\t\t\t<div class=\"elementor-widget-container\">\n\t\t\t\t\t\t\t\t\t<p>Adele &#8211; Rolling in the deep<br>Alanis Morissette &#8211; Ironic<br>Alanis Morissette &#8211; You oughta know<br>Blur &#8211; Charmless man<br>Blur &#8211; Girls and boys<br>Coldplay &#8211; Clocks<br>Coldplay &#8211; Trouble<br>Fool&rsquo;s Garden &#8211; Lemon tree<br>Franz Ferdinand &#8211; Take me out<br>Garbage &#8211; I think I&rsquo;m paranoid<br>Garbage &#8211; Stupid girl<br>Gossip &#8211; Heavy cross<br>Green day &#8211; Basket case<br>K&rsquo;s Choice &#8211; Not an addict<br>Mike &amp; the Mechanics &#8211; Over my shoulder<br>Muse &#8211; Hysteria<br>Muse &#8211; New Born<br>Muse &#8211; Sunburn<br>Nirvana &#8211; Heart shaped box<br>Nirvana &#8211; Lithium<br>Nirvana &#8211; Smells like teen spirit<br>No Doubt &#8211; Just a girl<br>Oasis &#8211; Wonderwall<br>Placebo &#8211; The bitter end<br>Portishead &#8211; Glory box<br>Rage against the machine &#8211; Killing in the name<br>REM &#8211; Losing my religion<br>REM &#8211; Shiny happy people<br>Red Hot Chili Peppers &#8211; Aeroplane<br>Red Hot Chili Peppers&nbsp;&#8211; Californication<br>Supergrass &#8211; Alright<br>The Cardigans &#8211; Lovefool<br>The Cardigans &#8211; My Favorite game<br>The Cranberries &#8211; Salvation<br>The Cranberries &#8211; Zombie<br>The Offspring &#8211; Come out and play<br>The Presidents of the USA &#8211; Lump<br>The Presidents of the USA &#8211; Peaches<br>The Pixies &#8211; Where is my mind<br>The Smashing Pumpkins \u2013 1979<br>Weezer &#8211; Island in the sun<\/p>\t\t\t\t\t\t\t\t<\/div>\n\t\t\t\t<\/div>\n\t\t\t\t\t<\/div>\n\t\t<\/div>\n\t\t\t\t\t<\/div>\n\t\t<\/section>\n\t\t\t\t\t<\/div>\n\t\t<\/div>\n\t\t\t\t\t<\/div>\n\t\t<\/section>\n\t\t\t\t<\/div>","protected":false},"excerpt":{"rendered":"<p>Rockshow, le set id\u00e9al pour vos \u00e9v\u00e9nements \u00e0 th\u00e8me, soir\u00e9es dansantes, festivals rock. https:\/\/youtu.be\/9x-YvOM-_JM Popshaker vous pr\u00e9sente un spectacle qui ravive la flamme des nostalgiques f\u00eatards des ann\u00e9es 90 et du d\u00e9but des ann\u00e9es 2000. Retrouvez les sons de guitare, claviers et les harmonies vocales qui vous ont fait vibrer \u00e0 l&rsquo;\u00e9poque ! Nos lignes [&hellip;]<\/p>\n","protected":false},"author":1,"featured_media":832,"parent":0,"menu_order":0,"comment_status":"closed","ping_status":"closed","template":"elementor_header_footer","meta":{"footnotes":""},"class_list":["post-904","page","type-page","status-publish","has-post-thumbnail","hentry"],"yoast_head":"<!-- This site is optimized with the Yoast SEO plugin v27.3 - https:\/\/yoast.com\/product\/yoast-seo-wordpress\/ -->\n<title>Rockshow 90&#039;-00&#039; - Popshaker<\/title>\n<meta name=\"robots\" content=\"index, follow, max-snippet:-1, max-image-preview:large, max-video-preview:-1\" \/>\n<link rel=\"canonical\" href=\"https:\/\/www.popshaker.fr\/en\/rockshow-90-00\/\" \/>\n<meta property=\"og:locale\" content=\"en_US\" \/>\n<meta property=\"og:type\" content=\"article\" \/>\n<meta property=\"og:title\" content=\"Rockshow 90&#039;-00&#039; - Popshaker\" \/>\n<meta property=\"og:description\" content=\"Rockshow, le set id\u00e9al pour vos \u00e9v\u00e9nements \u00e0 th\u00e8me, soir\u00e9es dansantes, festivals rock. https:\/\/youtu.be\/9x-YvOM-_JM Popshaker vous pr\u00e9sente un spectacle qui ravive la flamme des nostalgiques f\u00eatards des ann\u00e9es 90 et du d\u00e9but des ann\u00e9es 2000. Retrouvez les sons de guitare, claviers et les harmonies vocales qui vous ont fait vibrer \u00e0 l&rsquo;\u00e9poque ! Nos lignes [&hellip;]\" \/>\n<meta property=\"og:url\" content=\"https:\/\/www.popshaker.fr\/en\/rockshow-90-00\/\" \/>\n<meta property=\"og:site_name\" content=\"Popshaker\" \/>\n<meta property=\"article:publisher\" content=\"https:\/\/www.facebook.com\/PopshakerFR\" \/>\n<meta property=\"article:modified_time\" content=\"2023-10-02T20:25:34+00:00\" \/>\n<meta property=\"og:image\" content=\"https:\/\/www.popshaker.fr\/wp-content\/uploads\/2021\/06\/158931560_3787207708022482_4620959449650535269_n.jpg\" \/>\n\t<meta property=\"og:image:width\" content=\"1426\" \/>\n\t<meta property=\"og:image:height\" content=\"1000\" \/>\n\t<meta property=\"og:image:type\" content=\"image\/jpeg\" \/>\n<meta name=\"twitter:card\" content=\"summary_large_image\" \/>\n<meta name=\"twitter:site\" content=\"@Popshaker3\" \/>\n<meta name=\"twitter:label1\" content=\"Est. reading time\" \/>\n\t<meta name=\"twitter:data1\" content=\"2 minutes\" \/>\n<script type=\"application\/ld+json\" class=\"yoast-schema-graph\">{\"@context\":\"https:\\\/\\\/schema.org\",\"@graph\":[{\"@type\":\"WebPage\",\"@id\":\"https:\\\/\\\/www.popshaker.fr\\\/rockshow-90-00\\\/\",\"url\":\"https:\\\/\\\/www.popshaker.fr\\\/rockshow-90-00\\\/\",\"name\":\"Rockshow 90'-00' - Popshaker\",\"isPartOf\":{\"@id\":\"https:\\\/\\\/www.popshaker.fr\\\/#website\"},\"primaryImageOfPage\":{\"@id\":\"https:\\\/\\\/www.popshaker.fr\\\/rockshow-90-00\\\/#primaryimage\"},\"image\":{\"@id\":\"https:\\\/\\\/www.popshaker.fr\\\/rockshow-90-00\\\/#primaryimage\"},\"thumbnailUrl\":\"https:\\\/\\\/www.popshaker.fr\\\/wp-content\\\/uploads\\\/2021\\\/06\\\/158931560_3787207708022482_4620959449650535269_n.jpg\",\"datePublished\":\"2021-08-23T12:29:12+00:00\",\"dateModified\":\"2023-10-02T20:25:34+00:00\",\"breadcrumb\":{\"@id\":\"https:\\\/\\\/www.popshaker.fr\\\/rockshow-90-00\\\/#breadcrumb\"},\"inLanguage\":\"en-US\",\"potentialAction\":[{\"@type\":\"ReadAction\",\"target\":[\"https:\\\/\\\/www.popshaker.fr\\\/rockshow-90-00\\\/\"]}]},{\"@type\":\"ImageObject\",\"inLanguage\":\"en-US\",\"@id\":\"https:\\\/\\\/www.popshaker.fr\\\/rockshow-90-00\\\/#primaryimage\",\"url\":\"https:\\\/\\\/www.popshaker.fr\\\/wp-content\\\/uploads\\\/2021\\\/06\\\/158931560_3787207708022482_4620959449650535269_n.jpg\",\"contentUrl\":\"https:\\\/\\\/www.popshaker.fr\\\/wp-content\\\/uploads\\\/2021\\\/06\\\/158931560_3787207708022482_4620959449650535269_n.jpg\",\"width\":1426,\"height\":1000,\"caption\":\"Popshaker Groupe Rock Gironde\"},{\"@type\":\"BreadcrumbList\",\"@id\":\"https:\\\/\\\/www.popshaker.fr\\\/rockshow-90-00\\\/#breadcrumb\",\"itemListElement\":[{\"@type\":\"ListItem\",\"position\":1,\"name\":\"Accueil\",\"item\":\"https:\\\/\\\/www.popshaker.fr\\\/\"},{\"@type\":\"ListItem\",\"position\":2,\"name\":\"Rockshow 90&#8242;-00&#8242;\"}]},{\"@type\":\"WebSite\",\"@id\":\"https:\\\/\\\/www.popshaker.fr\\\/#website\",\"url\":\"https:\\\/\\\/www.popshaker.fr\\\/\",\"name\":\"Popshaker - Concert Pop Rock\",\"description\":\"Concerts Pop Rock Bordeaux Gironde \",\"publisher\":{\"@id\":\"https:\\\/\\\/www.popshaker.fr\\\/#organization\"},\"potentialAction\":[{\"@type\":\"SearchAction\",\"target\":{\"@type\":\"EntryPoint\",\"urlTemplate\":\"https:\\\/\\\/www.popshaker.fr\\\/?s={search_term_string}\"},\"query-input\":{\"@type\":\"PropertyValueSpecification\",\"valueRequired\":true,\"valueName\":\"search_term_string\"}}],\"inLanguage\":\"en-US\"},{\"@type\":\"Organization\",\"@id\":\"https:\\\/\\\/www.popshaker.fr\\\/#organization\",\"name\":\"Popshaker\",\"url\":\"https:\\\/\\\/www.popshaker.fr\\\/\",\"logo\":{\"@type\":\"ImageObject\",\"inLanguage\":\"en-US\",\"@id\":\"https:\\\/\\\/www.popshaker.fr\\\/#\\\/schema\\\/logo\\\/image\\\/\",\"url\":\"https:\\\/\\\/www.popshaker.fr\\\/wp-content\\\/uploads\\\/2023\\\/06\\\/profile.png\",\"contentUrl\":\"https:\\\/\\\/www.popshaker.fr\\\/wp-content\\\/uploads\\\/2023\\\/06\\\/profile.png\",\"width\":300,\"height\":300,\"caption\":\"Popshaker\"},\"image\":{\"@id\":\"https:\\\/\\\/www.popshaker.fr\\\/#\\\/schema\\\/logo\\\/image\\\/\"},\"sameAs\":[\"https:\\\/\\\/www.facebook.com\\\/PopshakerFR\",\"https:\\\/\\\/x.com\\\/Popshaker3\",\"https:\\\/\\\/www.tiktok.com\\\/@popshaker_\",\"https:\\\/\\\/www.twitch.tv\\\/popshaker_\",\"https:\\\/\\\/www.linkedin.com\\\/company\\\/75486628\",\"https:\\\/\\\/www.instagram.com\\\/popshakerfr\\\/?hl=fr\",\"https:\\\/\\\/www.youtube.com\\\/channel\\\/UCeJEitATzKpr358r1GuaKwA\"]}]}<\/script>\n<!-- \/ Yoast SEO plugin. -->","yoast_head_json":{"title":"Rockshow 90'-00' - Popshaker","robots":{"index":"index","follow":"follow","max-snippet":"max-snippet:-1","max-image-preview":"max-image-preview:large","max-video-preview":"max-video-preview:-1"},"canonical":"https:\/\/www.popshaker.fr\/en\/rockshow-90-00\/","og_locale":"en_US","og_type":"article","og_title":"Rockshow 90'-00' - Popshaker","og_description":"Rockshow, le set id\u00e9al pour vos \u00e9v\u00e9nements \u00e0 th\u00e8me, soir\u00e9es dansantes, festivals rock. https:\/\/youtu.be\/9x-YvOM-_JM Popshaker vous pr\u00e9sente un spectacle qui ravive la flamme des nostalgiques f\u00eatards des ann\u00e9es 90 et du d\u00e9but des ann\u00e9es 2000. Retrouvez les sons de guitare, claviers et les harmonies vocales qui vous ont fait vibrer \u00e0 l&rsquo;\u00e9poque ! Nos lignes [&hellip;]","og_url":"https:\/\/www.popshaker.fr\/en\/rockshow-90-00\/","og_site_name":"Popshaker","article_publisher":"https:\/\/www.facebook.com\/PopshakerFR","article_modified_time":"2023-10-02T20:25:34+00:00","og_image":[{"width":1426,"height":1000,"url":"https:\/\/www.popshaker.fr\/wp-content\/uploads\/2021\/06\/158931560_3787207708022482_4620959449650535269_n.jpg","type":"image\/jpeg"}],"twitter_card":"summary_large_image","twitter_site":"@Popshaker3","twitter_misc":{"Est. reading time":"2 minutes"},"schema":{"@context":"https:\/\/schema.org","@graph":[{"@type":"WebPage","@id":"https:\/\/www.popshaker.fr\/rockshow-90-00\/","url":"https:\/\/www.popshaker.fr\/rockshow-90-00\/","name":"Rockshow 90'-00' - Popshaker","isPartOf":{"@id":"https:\/\/www.popshaker.fr\/#website"},"primaryImageOfPage":{"@id":"https:\/\/www.popshaker.fr\/rockshow-90-00\/#primaryimage"},"image":{"@id":"https:\/\/www.popshaker.fr\/rockshow-90-00\/#primaryimage"},"thumbnailUrl":"https:\/\/www.popshaker.fr\/wp-content\/uploads\/2021\/06\/158931560_3787207708022482_4620959449650535269_n.jpg","datePublished":"2021-08-23T12:29:12+00:00","dateModified":"2023-10-02T20:25:34+00:00","breadcrumb":{"@id":"https:\/\/www.popshaker.fr\/rockshow-90-00\/#breadcrumb"},"inLanguage":"en-US","potentialAction":[{"@type":"ReadAction","target":["https:\/\/www.popshaker.fr\/rockshow-90-00\/"]}]},{"@type":"ImageObject","inLanguage":"en-US","@id":"https:\/\/www.popshaker.fr\/rockshow-90-00\/#primaryimage","url":"https:\/\/www.popshaker.fr\/wp-content\/uploads\/2021\/06\/158931560_3787207708022482_4620959449650535269_n.jpg","contentUrl":"https:\/\/www.popshaker.fr\/wp-content\/uploads\/2021\/06\/158931560_3787207708022482_4620959449650535269_n.jpg","width":1426,"height":1000,"caption":"Popshaker Groupe Rock Gironde"},{"@type":"BreadcrumbList","@id":"https:\/\/www.popshaker.fr\/rockshow-90-00\/#breadcrumb","itemListElement":[{"@type":"ListItem","position":1,"name":"Accueil","item":"https:\/\/www.popshaker.fr\/"},{"@type":"ListItem","position":2,"name":"Rockshow 90&#8242;-00&#8242;"}]},{"@type":"WebSite","@id":"https:\/\/www.popshaker.fr\/#website","url":"https:\/\/www.popshaker.fr\/","name":"Popshaker - Concert Pop Rock","description":"Concerts Pop Rock Bordeaux Gironde","publisher":{"@id":"https:\/\/www.popshaker.fr\/#organization"},"potentialAction":[{"@type":"SearchAction","target":{"@type":"EntryPoint","urlTemplate":"https:\/\/www.popshaker.fr\/?s={search_term_string}"},"query-input":{"@type":"PropertyValueSpecification","valueRequired":true,"valueName":"search_term_string"}}],"inLanguage":"en-US"},{"@type":"Organization","@id":"https:\/\/www.popshaker.fr\/#organization","name":"Popshaker","url":"https:\/\/www.popshaker.fr\/","logo":{"@type":"ImageObject","inLanguage":"en-US","@id":"https:\/\/www.popshaker.fr\/#\/schema\/logo\/image\/","url":"https:\/\/www.popshaker.fr\/wp-content\/uploads\/2023\/06\/profile.png","contentUrl":"https:\/\/www.popshaker.fr\/wp-content\/uploads\/2023\/06\/profile.png","width":300,"height":300,"caption":"Popshaker"},"image":{"@id":"https:\/\/www.popshaker.fr\/#\/schema\/logo\/image\/"},"sameAs":["https:\/\/www.facebook.com\/PopshakerFR","https:\/\/x.com\/Popshaker3","https:\/\/www.tiktok.com\/@popshaker_","https:\/\/www.twitch.tv\/popshaker_","https:\/\/www.linkedin.com\/company\/75486628","https:\/\/www.instagram.com\/popshakerfr\/?hl=fr","https:\/\/www.youtube.com\/channel\/UCeJEitATzKpr358r1GuaKwA"]}]}},"_links":{"self":[{"href":"https:\/\/www.popshaker.fr\/en\/wp-json\/wp\/v2\/pages\/904","targetHints":{"allow":["GET"]}}],"collection":[{"href":"https:\/\/www.popshaker.fr\/en\/wp-json\/wp\/v2\/pages"}],"about":[{"href":"https:\/\/www.popshaker.fr\/en\/wp-json\/wp\/v2\/types\/page"}],"author":[{"embeddable":true,"href":"https:\/\/www.popshaker.fr\/en\/wp-json\/wp\/v2\/users\/1"}],"replies":[{"embeddable":true,"href":"https:\/\/www.popshaker.fr\/en\/wp-json\/wp\/v2\/comments?post=904"}],"version-history":[{"count":76,"href":"https:\/\/www.popshaker.fr\/en\/wp-json\/wp\/v2\/pages\/904\/revisions"}],"predecessor-version":[{"id":1696,"href":"https:\/\/www.popshaker.fr\/en\/wp-json\/wp\/v2\/pages\/904\/revisions\/1696"}],"wp:featuredmedia":[{"embeddable":true,"href":"https:\/\/www.popshaker.fr\/en\/wp-json\/wp\/v2\/media\/832"}],"wp:attachment":[{"href":"https:\/\/www.popshaker.fr\/en\/wp-json\/wp\/v2\/media?parent=904"}],"curies":[{"name":"wp","href":"https:\/\/api.w.org\/{rel}","templated":true}]}}