{"id":21,"date":"2018-04-26T00:58:24","date_gmt":"2018-04-25T22:58:24","guid":{"rendered":"https:\/\/www.popshaker.fr\/?page_id=21"},"modified":"2023-10-02T22:11:49","modified_gmt":"2023-10-02T20:11:49","slug":"contact","status":"publish","type":"page","link":"https:\/\/www.popshaker.fr\/en\/contact\/","title":{"rendered":"Contact"},"content":{"rendered":"<div data-elementor-type=\"wp-page\" data-elementor-id=\"21\" class=\"elementor elementor-21\">\n\t\t\t\t\t\t<section class=\"elementor-section elementor-top-section elementor-element elementor-element-9c922e7 elementor-section-height-min-height elementor-section-boxed elementor-section-height-default elementor-section-items-middle\" data-id=\"9c922e7\" data-element_type=\"section\" data-e-type=\"section\" data-settings=\"{&quot;background_background&quot;:&quot;classic&quot;}\">\n\t\t\t\t\t\t\t<div class=\"elementor-background-overlay\"><\/div>\n\t\t\t\t\t\t\t<div class=\"elementor-container elementor-column-gap-default\">\n\t\t\t\t\t<div class=\"elementor-column elementor-col-100 elementor-top-column elementor-element elementor-element-da41d40\" data-id=\"da41d40\" data-element_type=\"column\" data-e-type=\"column\">\n\t\t\t<div class=\"elementor-widget-wrap elementor-element-populated\">\n\t\t\t\t\t\t<div class=\"elementor-element elementor-element-7decc0d9 elementor-widget elementor-widget-heading\" data-id=\"7decc0d9\" data-element_type=\"widget\" data-e-type=\"widget\" data-widget_type=\"heading.default\">\n\t\t\t\t<div class=\"elementor-widget-container\">\n\t\t\t\t\t<h2 class=\"elementor-heading-title elementor-size-large\">CONTACT US<\/h2>\t\t\t\t<\/div>\n\t\t\t\t<\/div>\n\t\t\t\t<div class=\"elementor-element elementor-element-24321721 elementor-widget-divider--view-line elementor-widget elementor-widget-divider\" data-id=\"24321721\" data-element_type=\"widget\" data-e-type=\"widget\" data-widget_type=\"divider.default\">\n\t\t\t\t<div class=\"elementor-widget-container\">\n\t\t\t\t\t\t\t<div class=\"elementor-divider\">\n\t\t\t<span class=\"elementor-divider-separator\">\n\t\t\t\t\t\t<\/span>\n\t\t<\/div>\n\t\t\t\t\t\t<\/div>\n\t\t\t\t<\/div>\n\t\t\t\t<div class=\"elementor-element elementor-element-71ced2a2 elementor-widget elementor-widget-text-editor\" data-id=\"71ced2a2\" data-element_type=\"widget\" data-e-type=\"widget\" data-widget_type=\"text-editor.default\">\n\t\t\t\t<div class=\"elementor-widget-container\">\n\t\t\t\t\t\t\t\t\t<p>Need information? Please do not hesitate to leave us your contact details and we will get back to you as soon as possible.<\/p>\t\t\t\t\t\t\t\t<\/div>\n\t\t\t\t<\/div>\n\t\t\t\t\t<\/div>\n\t\t<\/div>\n\t\t\t\t\t<\/div>\n\t\t<\/section>\n\t\t\t\t<section class=\"elementor-section elementor-top-section elementor-element elementor-element-7147865c elementor-section-boxed elementor-section-height-default elementor-section-height-default\" data-id=\"7147865c\" data-element_type=\"section\" data-e-type=\"section\">\n\t\t\t\t\t\t<div class=\"elementor-container elementor-column-gap-default\">\n\t\t\t\t\t<div class=\"elementor-column elementor-col-25 elementor-top-column elementor-element elementor-element-79849db6\" data-id=\"79849db6\" data-element_type=\"column\" data-e-type=\"column\">\n\t\t\t<div class=\"elementor-widget-wrap elementor-element-populated\">\n\t\t\t\t\t\t<div class=\"elementor-element elementor-element-f87f6f0 elementor-view-default elementor-position-block-start elementor-mobile-position-block-start elementor-widget elementor-widget-icon-box\" data-id=\"f87f6f0\" data-element_type=\"widget\" data-e-type=\"widget\" data-widget_type=\"icon-box.default\">\n\t\t\t\t<div class=\"elementor-widget-container\">\n\t\t\t\t\t\t\t<div class=\"elementor-icon-box-wrapper\">\n\n\t\t\t\t\t\t<div class=\"elementor-icon-box-icon\">\n\t\t\t\t<a href=\"https:\/\/www.facebook.com\/PopshakerFR\/\" target=\"_blank\" class=\"elementor-icon\" tabindex=\"-1\" aria-label=\"Join us\">\n\t\t\t\t<i aria-hidden=\"true\" class=\"fab fa-facebook\"><\/i>\t\t\t\t<\/a>\n\t\t\t<\/div>\n\t\t\t\n\t\t\t\t\t\t<div class=\"elementor-icon-box-content\">\n\n\t\t\t\t\t\t\t\t\t<h3 class=\"elementor-icon-box-title\">\n\t\t\t\t\t\t<a href=\"https:\/\/www.facebook.com\/PopshakerFR\/\" target=\"_blank\" >\n\t\t\t\t\t\t\tJoin us\t\t\t\t\t\t<\/a>\n\t\t\t\t\t<\/h3>\n\t\t\t\t\n\t\t\t\t\t\t\t\t\t<p class=\"elementor-icon-box-description\">\n\t\t\t\t\t\tTo follow all the band's news\n\t\t\t\t\t<\/p>\n\t\t\t\t\n\t\t\t<\/div>\n\t\t\t\n\t\t<\/div>\n\t\t\t\t\t\t<\/div>\n\t\t\t\t<\/div>\n\t\t\t\t<div class=\"elementor-element elementor-element-45e42c2e elementor-widget elementor-widget-heading\" data-id=\"45e42c2e\" data-element_type=\"widget\" data-e-type=\"widget\" data-widget_type=\"heading.default\">\n\t\t\t\t<div class=\"elementor-widget-container\">\n\t\t\t\t\t<p class=\"elementor-heading-title elementor-size-large\"><a href=\"https:\/\/www.facebook.com\/PopshakerFR\/\" target=\"_blank\">Facebook<\/a><\/p>\t\t\t\t<\/div>\n\t\t\t\t<\/div>\n\t\t\t\t<div class=\"elementor-element elementor-element-9df6e15 elementor-widget elementor-widget-heading\" data-id=\"9df6e15\" data-element_type=\"widget\" data-e-type=\"widget\" data-widget_type=\"heading.default\">\n\t\t\t\t<div class=\"elementor-widget-container\">\n\t\t\t\t\t<p class=\"elementor-heading-title elementor-size-large\"><a href=\"https:\/\/insta.popshaker.fr\" target=\"_blank\">Instagram<\/a><\/p>\t\t\t\t<\/div>\n\t\t\t\t<\/div>\n\t\t\t\t\t<\/div>\n\t\t<\/div>\n\t\t\t\t<div class=\"elementor-column elementor-col-25 elementor-top-column elementor-element elementor-element-38215b43\" data-id=\"38215b43\" data-element_type=\"column\" data-e-type=\"column\">\n\t\t\t<div class=\"elementor-widget-wrap elementor-element-populated\">\n\t\t\t\t\t\t<div class=\"elementor-element elementor-element-ee317b6 elementor-view-default elementor-position-block-start elementor-mobile-position-block-start elementor-widget elementor-widget-icon-box\" data-id=\"ee317b6\" data-element_type=\"widget\" data-e-type=\"widget\" data-widget_type=\"icon-box.default\">\n\t\t\t\t<div class=\"elementor-widget-container\">\n\t\t\t\t\t\t\t<div class=\"elementor-icon-box-wrapper\">\n\n\t\t\t\t\t\t<div class=\"elementor-icon-box-icon\">\n\t\t\t\t<span  class=\"elementor-icon\">\n\t\t\t\t<i aria-hidden=\"true\" class=\"fas fa-phone\"><\/i>\t\t\t\t<\/span>\n\t\t\t<\/div>\n\t\t\t\n\t\t\t\t\t\t<div class=\"elementor-icon-box-content\">\n\n\t\t\t\t\t\t\t\t\t<h3 class=\"elementor-icon-box-title\">\n\t\t\t\t\t\t<span  >\n\t\t\t\t\t\t\tCall us\t\t\t\t\t\t<\/span>\n\t\t\t\t\t<\/h3>\n\t\t\t\t\n\t\t\t\t\t\t\t\t\t<p class=\"elementor-icon-box-description\">\n\t\t\t\t\t\tFor all information on concerts or to request a quote.\n\t\t\t\t\t<\/p>\n\t\t\t\t\n\t\t\t<\/div>\n\t\t\t\n\t\t<\/div>\n\t\t\t\t\t\t<\/div>\n\t\t\t\t<\/div>\n\t\t\t\t<div class=\"elementor-element elementor-element-6109af85 elementor-widget elementor-widget-heading\" data-id=\"6109af85\" data-element_type=\"widget\" data-e-type=\"widget\" data-widget_type=\"heading.default\">\n\t\t\t\t<div class=\"elementor-widget-container\">\n\t\t\t\t\t<p class=\"elementor-heading-title elementor-size-large\">06 24 84 80 97<\/p>\t\t\t\t<\/div>\n\t\t\t\t<\/div>\n\t\t\t\t\t<\/div>\n\t\t<\/div>\n\t\t\t\t<div class=\"elementor-column elementor-col-25 elementor-top-column elementor-element elementor-element-2bec6750\" data-id=\"2bec6750\" data-element_type=\"column\" data-e-type=\"column\">\n\t\t\t<div class=\"elementor-widget-wrap elementor-element-populated\">\n\t\t\t\t\t\t<div class=\"elementor-element elementor-element-29c3f17f elementor-view-default elementor-position-block-start elementor-mobile-position-block-start elementor-widget elementor-widget-icon-box\" data-id=\"29c3f17f\" data-element_type=\"widget\" data-e-type=\"widget\" data-widget_type=\"icon-box.default\">\n\t\t\t\t<div class=\"elementor-widget-container\">\n\t\t\t\t\t\t\t<div class=\"elementor-icon-box-wrapper\">\n\n\t\t\t\t\t\t<div class=\"elementor-icon-box-icon\">\n\t\t\t\t<a href=\"mailto:info@popshaker.fr\" target=\"_blank\" class=\"elementor-icon\" tabindex=\"-1\" aria-label=\"Mail us\">\n\t\t\t\t<i aria-hidden=\"true\" class=\"far fa-envelope\"><\/i>\t\t\t\t<\/a>\n\t\t\t<\/div>\n\t\t\t\n\t\t\t\t\t\t<div class=\"elementor-icon-box-content\">\n\n\t\t\t\t\t\t\t\t\t<h3 class=\"elementor-icon-box-title\">\n\t\t\t\t\t\t<a href=\"mailto:info@popshaker.fr\" target=\"_blank\" >\n\t\t\t\t\t\t\tMail us\t\t\t\t\t\t<\/a>\n\t\t\t\t\t<\/h3>\n\t\t\t\t\n\t\t\t\t\t\t\t\t\t<p class=\"elementor-icon-box-description\">\n\t\t\t\t\t\tSend us an email we will answer it as soon as possible. \n\t\t\t\t\t<\/p>\n\t\t\t\t\n\t\t\t<\/div>\n\t\t\t\n\t\t<\/div>\n\t\t\t\t\t\t<\/div>\n\t\t\t\t<\/div>\n\t\t\t\t<div class=\"elementor-element elementor-element-6e80665b elementor-widget elementor-widget-heading\" data-id=\"6e80665b\" data-element_type=\"widget\" data-e-type=\"widget\" data-widget_type=\"heading.default\">\n\t\t\t\t<div class=\"elementor-widget-container\">\n\t\t\t\t\t<p class=\"elementor-heading-title elementor-size-large\"><a href=\"mailto:info@popshaker.fr\" target=\"_blank\">info@popshaker.fr<\/a><\/p>\t\t\t\t<\/div>\n\t\t\t\t<\/div>\n\t\t\t\t\t<\/div>\n\t\t<\/div>\n\t\t\t\t<div class=\"elementor-column elementor-col-25 elementor-top-column elementor-element elementor-element-35457771\" data-id=\"35457771\" data-element_type=\"column\" data-e-type=\"column\">\n\t\t\t<div class=\"elementor-widget-wrap elementor-element-populated\">\n\t\t\t\t\t\t<div class=\"elementor-element elementor-element-58ef9ead elementor-view-default elementor-position-block-start elementor-mobile-position-block-start elementor-widget elementor-widget-icon-box\" data-id=\"58ef9ead\" data-element_type=\"widget\" data-e-type=\"widget\" data-widget_type=\"icon-box.default\">\n\t\t\t\t<div class=\"elementor-widget-container\">\n\t\t\t\t\t\t\t<div class=\"elementor-icon-box-wrapper\">\n\n\t\t\t\t\t\t<div class=\"elementor-icon-box-icon\">\n\t\t\t\t<a href=\"https:\/\/www.popshaker.fr\/en\/formulaire\/\" target=\"_blank\" class=\"elementor-icon\" tabindex=\"-1\" aria-label=\"Quotation\">\n\t\t\t\t<i aria-hidden=\"true\" class=\"fab fa-wpforms\"><\/i>\t\t\t\t<\/a>\n\t\t\t<\/div>\n\t\t\t\n\t\t\t\t\t\t<div class=\"elementor-icon-box-content\">\n\n\t\t\t\t\t\t\t\t\t<h3 class=\"elementor-icon-box-title\">\n\t\t\t\t\t\t<a href=\"https:\/\/www.popshaker.fr\/en\/formulaire\/\" target=\"_blank\" >\n\t\t\t\t\t\t\tQuotation\t\t\t\t\t\t<\/a>\n\t\t\t\t\t<\/h3>\n\t\t\t\t\n\t\t\t\t\t\t\t\t\t<p class=\"elementor-icon-box-description\">\n\t\t\t\t\t\tNeed a quote? Click here to submit your request.<br>\n\t\t\t\t\t<\/p>\n\t\t\t\t\n\t\t\t<\/div>\n\t\t\t\n\t\t<\/div>\n\t\t\t\t\t\t<\/div>\n\t\t\t\t<\/div>\n\t\t\t\t<div class=\"elementor-element elementor-element-7b02dbb4 elementor-widget elementor-widget-heading\" data-id=\"7b02dbb4\" data-element_type=\"widget\" data-e-type=\"widget\" data-widget_type=\"heading.default\">\n\t\t\t\t<div class=\"elementor-widget-container\">\n\t\t\t\t\t<p class=\"elementor-heading-title elementor-size-large\"><a href=\"https:\/\/www.popshaker.fr\/en\/formulaire\/\" target=\"_blank\">Quote request<\/a><\/p>\t\t\t\t<\/div>\n\t\t\t\t<\/div>\n\t\t\t\t\t<\/div>\n\t\t<\/div>\n\t\t\t\t\t<\/div>\n\t\t<\/section>\n\t\t\t\t<section class=\"elementor-section elementor-top-section elementor-element elementor-element-54ea9309 elementor-section-full_width elementor-section-height-default elementor-section-height-default\" data-id=\"54ea9309\" data-element_type=\"section\" data-e-type=\"section\">\n\t\t\t\t\t\t<div class=\"elementor-container elementor-column-gap-default\">\n\t\t\t\t\t<div class=\"elementor-column elementor-col-100 elementor-top-column elementor-element elementor-element-5db55fcc\" data-id=\"5db55fcc\" data-element_type=\"column\" data-e-type=\"column\">\n\t\t\t<div class=\"elementor-widget-wrap elementor-element-populated\">\n\t\t\t\t\t\t<section class=\"elementor-section elementor-inner-section elementor-element elementor-element-bb6a96e elementor-section-boxed elementor-section-height-default elementor-section-height-default\" data-id=\"bb6a96e\" data-element_type=\"section\" data-e-type=\"section\">\n\t\t\t\t\t\t<div class=\"elementor-container elementor-column-gap-default\">\n\t\t\t\t\t<div class=\"elementor-column elementor-col-33 elementor-inner-column elementor-element elementor-element-3800197\" data-id=\"3800197\" data-element_type=\"column\" data-e-type=\"column\">\n\t\t\t<div class=\"elementor-widget-wrap elementor-element-populated\">\n\t\t\t\t\t\t<div class=\"elementor-element elementor-element-aa0f135 elementor-widget elementor-widget-html\" data-id=\"aa0f135\" data-element_type=\"widget\" data-e-type=\"widget\" data-widget_type=\"html.default\">\n\t\t\t\t<div class=\"elementor-widget-container\">\n\t\t\t\t\t<a rel='nofollow' href='https:\/\/www.mariages.net' title='Mariages.net'><img alt='Mariages.net' src='https:\/\/www.mariages.net\/images\/sellos\/label-partenaire--pp307768.png' style='border-width:0px;' \/><\/a>\t\t\t\t<\/div>\n\t\t\t\t<\/div>\n\t\t\t\t\t<\/div>\n\t\t<\/div>\n\t\t\t\t<div class=\"elementor-column elementor-col-33 elementor-inner-column elementor-element elementor-element-16d9d99\" data-id=\"16d9d99\" data-element_type=\"column\" data-e-type=\"column\">\n\t\t\t<div class=\"elementor-widget-wrap elementor-element-populated\">\n\t\t\t\t\t\t<div class=\"elementor-element elementor-element-da3b6a9 elementor-widget elementor-widget-html\" data-id=\"da3b6a9\" data-element_type=\"widget\" data-e-type=\"widget\" data-widget_type=\"html.default\">\n\t\t\t\t<div class=\"elementor-widget-container\">\n\t\t\t\t\t<!--Badge Linkaband g\u00e9n\u00e9r\u00e9 le 24-08-2021; Copyright Linkaband 2019--><a href='https:\/\/linkaband.com\/popshaker?utm_source=badge&utm_campaign=21544' target='_blank'><img src='https:\/\/linkaband.com\/assets\/images\/validation\/reservation-noir.png' alt='Popshaker' style='width: 130px; height: 130px;'\/><\/a>\t\t\t\t<\/div>\n\t\t\t\t<\/div>\n\t\t\t\t\t<\/div>\n\t\t<\/div>\n\t\t\t\t<div class=\"elementor-column elementor-col-33 elementor-inner-column elementor-element elementor-element-0772012\" data-id=\"0772012\" data-element_type=\"column\" data-e-type=\"column\">\n\t\t\t<div class=\"elementor-widget-wrap\">\n\t\t\t\t\t\t\t<\/div>\n\t\t<\/div>\n\t\t\t\t\t<\/div>\n\t\t<\/section>\n\t\t\t\t\t<\/div>\n\t\t<\/div>\n\t\t\t\t\t<\/div>\n\t\t<\/section>\n\t\t\t\t<section class=\"elementor-section elementor-top-section elementor-element elementor-element-11245167 elementor-section-full_width elementor-section-height-default elementor-section-height-default\" data-id=\"11245167\" data-element_type=\"section\" data-e-type=\"section\">\n\t\t\t\t\t\t<div class=\"elementor-container elementor-column-gap-no\">\n\t\t\t\t\t<div class=\"elementor-column elementor-col-100 elementor-top-column elementor-element elementor-element-471b3272\" data-id=\"471b3272\" data-element_type=\"column\" data-e-type=\"column\">\n\t\t\t<div class=\"elementor-widget-wrap elementor-element-populated\">\n\t\t\t\t\t\t<div class=\"elementor-element elementor-element-7c4946b elementor-widget elementor-widget-google_maps\" data-id=\"7c4946b\" data-element_type=\"widget\" data-e-type=\"widget\" data-widget_type=\"google_maps.default\">\n\t\t\t\t<div class=\"elementor-widget-container\">\n\t\t\t\t\t\t\t<div class=\"elementor-custom-embed\">\n\t\t\t<iframe loading=\"lazy\"\n\t\t\t\t\tsrc=\"https:\/\/maps.google.com\/maps?q=Bordeaux%2C%20Gironde%2C%20France&#038;t=m&#038;z=10&#038;output=embed&#038;iwloc=near\"\n\t\t\t\t\ttitle=\"Bordeaux, Gironde, France\"\n\t\t\t\t\taria-label=\"Bordeaux, Gironde, France\"\n\t\t\t><\/iframe>\n\t\t<\/div>\n\t\t\t\t\t\t<\/div>\n\t\t\t\t<\/div>\n\t\t\t\t\t<\/div>\n\t\t<\/div>\n\t\t\t\t\t<\/div>\n\t\t<\/section>\n\t\t\t\t<\/div>","protected":false},"excerpt":{"rendered":"<p>NOUS CONTACTER Besoin de renseignements ? N&rsquo;h\u00e9sitez pas \u00e0 nous laisser vos coordonn\u00e9es et nous vous contacterons le plus rapidement possible. Rejoignez nous Pour suivre toute l&rsquo;actualit\u00e9 du groupe. Facebook Instagram Nous appeler Pour tous renseignements sur les concerts ou demande de devis. 06 24 84 80 97 NOUS ECRIRE Adressez-nous un mail nous y [&hellip;]<\/p>\n","protected":false},"author":1,"featured_media":212,"parent":0,"menu_order":0,"comment_status":"closed","ping_status":"closed","template":"elementor_header_footer","meta":{"footnotes":""},"class_list":["post-21","page","type-page","status-publish","has-post-thumbnail","hentry"],"yoast_head":"<!-- This site is optimized with the Yoast SEO plugin v27.3 - https:\/\/yoast.com\/product\/yoast-seo-wordpress\/ -->\n<title>Contact - Popshaker<\/title>\n<meta name=\"robots\" content=\"index, follow, max-snippet:-1, max-image-preview:large, max-video-preview:-1\" \/>\n<link rel=\"canonical\" href=\"https:\/\/www.popshaker.fr\/en\/contact\/\" \/>\n<meta property=\"og:locale\" content=\"en_US\" \/>\n<meta property=\"og:type\" content=\"article\" \/>\n<meta property=\"og:title\" content=\"Contact - Popshaker\" \/>\n<meta property=\"og:description\" content=\"NOUS CONTACTER Besoin de renseignements ? N&rsquo;h\u00e9sitez pas \u00e0 nous laisser vos coordonn\u00e9es et nous vous contacterons le plus rapidement possible. Rejoignez nous Pour suivre toute l&rsquo;actualit\u00e9 du groupe. Facebook Instagram Nous appeler Pour tous renseignements sur les concerts ou demande de devis. 06 24 84 80 97 NOUS ECRIRE Adressez-nous un mail nous y [&hellip;]\" \/>\n<meta property=\"og:url\" content=\"https:\/\/www.popshaker.fr\/en\/contact\/\" \/>\n<meta property=\"og:site_name\" content=\"Popshaker\" \/>\n<meta property=\"article:publisher\" content=\"https:\/\/www.facebook.com\/PopshakerFR\" \/>\n<meta property=\"article:modified_time\" content=\"2023-10-02T20:11:49+00:00\" \/>\n<meta property=\"og:image\" content=\"https:\/\/www.popshaker.fr\/wp-content\/uploads\/2019\/02\/contact-1.jpg\" \/>\n\t<meta property=\"og:image:width\" content=\"1920\" \/>\n\t<meta property=\"og:image:height\" content=\"450\" \/>\n\t<meta property=\"og:image:type\" content=\"image\/jpeg\" \/>\n<meta name=\"twitter:card\" content=\"summary_large_image\" \/>\n<meta name=\"twitter:site\" content=\"@Popshaker3\" \/>\n<meta name=\"twitter:label1\" content=\"Est. reading time\" \/>\n\t<meta name=\"twitter:data1\" content=\"1 minute\" \/>\n<script type=\"application\/ld+json\" class=\"yoast-schema-graph\">{\"@context\":\"https:\\\/\\\/schema.org\",\"@graph\":[{\"@type\":\"WebPage\",\"@id\":\"https:\\\/\\\/www.popshaker.fr\\\/contact\\\/\",\"url\":\"https:\\\/\\\/www.popshaker.fr\\\/contact\\\/\",\"name\":\"Contact - Popshaker\",\"isPartOf\":{\"@id\":\"https:\\\/\\\/www.popshaker.fr\\\/#website\"},\"primaryImageOfPage\":{\"@id\":\"https:\\\/\\\/www.popshaker.fr\\\/contact\\\/#primaryimage\"},\"image\":{\"@id\":\"https:\\\/\\\/www.popshaker.fr\\\/contact\\\/#primaryimage\"},\"thumbnailUrl\":\"https:\\\/\\\/www.popshaker.fr\\\/wp-content\\\/uploads\\\/2019\\\/02\\\/contact-1.jpg\",\"datePublished\":\"2018-04-25T22:58:24+00:00\",\"dateModified\":\"2023-10-02T20:11:49+00:00\",\"breadcrumb\":{\"@id\":\"https:\\\/\\\/www.popshaker.fr\\\/contact\\\/#breadcrumb\"},\"inLanguage\":\"en-US\",\"potentialAction\":[{\"@type\":\"ReadAction\",\"target\":[\"https:\\\/\\\/www.popshaker.fr\\\/contact\\\/\"]}]},{\"@type\":\"ImageObject\",\"inLanguage\":\"en-US\",\"@id\":\"https:\\\/\\\/www.popshaker.fr\\\/contact\\\/#primaryimage\",\"url\":\"https:\\\/\\\/www.popshaker.fr\\\/wp-content\\\/uploads\\\/2019\\\/02\\\/contact-1.jpg\",\"contentUrl\":\"https:\\\/\\\/www.popshaker.fr\\\/wp-content\\\/uploads\\\/2019\\\/02\\\/contact-1.jpg\",\"width\":1920,\"height\":450},{\"@type\":\"BreadcrumbList\",\"@id\":\"https:\\\/\\\/www.popshaker.fr\\\/contact\\\/#breadcrumb\",\"itemListElement\":[{\"@type\":\"ListItem\",\"position\":1,\"name\":\"Accueil\",\"item\":\"https:\\\/\\\/www.popshaker.fr\\\/\"},{\"@type\":\"ListItem\",\"position\":2,\"name\":\"Contact\"}]},{\"@type\":\"WebSite\",\"@id\":\"https:\\\/\\\/www.popshaker.fr\\\/#website\",\"url\":\"https:\\\/\\\/www.popshaker.fr\\\/\",\"name\":\"Popshaker - Concert Pop Rock\",\"description\":\"Concerts Pop Rock Bordeaux Gironde \",\"publisher\":{\"@id\":\"https:\\\/\\\/www.popshaker.fr\\\/#organization\"},\"potentialAction\":[{\"@type\":\"SearchAction\",\"target\":{\"@type\":\"EntryPoint\",\"urlTemplate\":\"https:\\\/\\\/www.popshaker.fr\\\/?s={search_term_string}\"},\"query-input\":{\"@type\":\"PropertyValueSpecification\",\"valueRequired\":true,\"valueName\":\"search_term_string\"}}],\"inLanguage\":\"en-US\"},{\"@type\":\"Organization\",\"@id\":\"https:\\\/\\\/www.popshaker.fr\\\/#organization\",\"name\":\"Popshaker\",\"url\":\"https:\\\/\\\/www.popshaker.fr\\\/\",\"logo\":{\"@type\":\"ImageObject\",\"inLanguage\":\"en-US\",\"@id\":\"https:\\\/\\\/www.popshaker.fr\\\/#\\\/schema\\\/logo\\\/image\\\/\",\"url\":\"https:\\\/\\\/www.popshaker.fr\\\/wp-content\\\/uploads\\\/2023\\\/06\\\/profile.png\",\"contentUrl\":\"https:\\\/\\\/www.popshaker.fr\\\/wp-content\\\/uploads\\\/2023\\\/06\\\/profile.png\",\"width\":300,\"height\":300,\"caption\":\"Popshaker\"},\"image\":{\"@id\":\"https:\\\/\\\/www.popshaker.fr\\\/#\\\/schema\\\/logo\\\/image\\\/\"},\"sameAs\":[\"https:\\\/\\\/www.facebook.com\\\/PopshakerFR\",\"https:\\\/\\\/x.com\\\/Popshaker3\",\"https:\\\/\\\/www.tiktok.com\\\/@popshaker_\",\"https:\\\/\\\/www.twitch.tv\\\/popshaker_\",\"https:\\\/\\\/www.linkedin.com\\\/company\\\/75486628\",\"https:\\\/\\\/www.instagram.com\\\/popshakerfr\\\/?hl=fr\",\"https:\\\/\\\/www.youtube.com\\\/channel\\\/UCeJEitATzKpr358r1GuaKwA\"]}]}<\/script>\n<!-- \/ Yoast SEO plugin. -->","yoast_head_json":{"title":"Contact - Popshaker","robots":{"index":"index","follow":"follow","max-snippet":"max-snippet:-1","max-image-preview":"max-image-preview:large","max-video-preview":"max-video-preview:-1"},"canonical":"https:\/\/www.popshaker.fr\/en\/contact\/","og_locale":"en_US","og_type":"article","og_title":"Contact - Popshaker","og_description":"NOUS CONTACTER Besoin de renseignements ? N&rsquo;h\u00e9sitez pas \u00e0 nous laisser vos coordonn\u00e9es et nous vous contacterons le plus rapidement possible. Rejoignez nous Pour suivre toute l&rsquo;actualit\u00e9 du groupe. Facebook Instagram Nous appeler Pour tous renseignements sur les concerts ou demande de devis. 06 24 84 80 97 NOUS ECRIRE Adressez-nous un mail nous y [&hellip;]","og_url":"https:\/\/www.popshaker.fr\/en\/contact\/","og_site_name":"Popshaker","article_publisher":"https:\/\/www.facebook.com\/PopshakerFR","article_modified_time":"2023-10-02T20:11:49+00:00","og_image":[{"width":1920,"height":450,"url":"https:\/\/www.popshaker.fr\/wp-content\/uploads\/2019\/02\/contact-1.jpg","type":"image\/jpeg"}],"twitter_card":"summary_large_image","twitter_site":"@Popshaker3","twitter_misc":{"Est. reading time":"1 minute"},"schema":{"@context":"https:\/\/schema.org","@graph":[{"@type":"WebPage","@id":"https:\/\/www.popshaker.fr\/contact\/","url":"https:\/\/www.popshaker.fr\/contact\/","name":"Contact - Popshaker","isPartOf":{"@id":"https:\/\/www.popshaker.fr\/#website"},"primaryImageOfPage":{"@id":"https:\/\/www.popshaker.fr\/contact\/#primaryimage"},"image":{"@id":"https:\/\/www.popshaker.fr\/contact\/#primaryimage"},"thumbnailUrl":"https:\/\/www.popshaker.fr\/wp-content\/uploads\/2019\/02\/contact-1.jpg","datePublished":"2018-04-25T22:58:24+00:00","dateModified":"2023-10-02T20:11:49+00:00","breadcrumb":{"@id":"https:\/\/www.popshaker.fr\/contact\/#breadcrumb"},"inLanguage":"en-US","potentialAction":[{"@type":"ReadAction","target":["https:\/\/www.popshaker.fr\/contact\/"]}]},{"@type":"ImageObject","inLanguage":"en-US","@id":"https:\/\/www.popshaker.fr\/contact\/#primaryimage","url":"https:\/\/www.popshaker.fr\/wp-content\/uploads\/2019\/02\/contact-1.jpg","contentUrl":"https:\/\/www.popshaker.fr\/wp-content\/uploads\/2019\/02\/contact-1.jpg","width":1920,"height":450},{"@type":"BreadcrumbList","@id":"https:\/\/www.popshaker.fr\/contact\/#breadcrumb","itemListElement":[{"@type":"ListItem","position":1,"name":"Accueil","item":"https:\/\/www.popshaker.fr\/"},{"@type":"ListItem","position":2,"name":"Contact"}]},{"@type":"WebSite","@id":"https:\/\/www.popshaker.fr\/#website","url":"https:\/\/www.popshaker.fr\/","name":"Popshaker - Concert Pop Rock","description":"Concerts Pop Rock Bordeaux Gironde","publisher":{"@id":"https:\/\/www.popshaker.fr\/#organization"},"potentialAction":[{"@type":"SearchAction","target":{"@type":"EntryPoint","urlTemplate":"https:\/\/www.popshaker.fr\/?s={search_term_string}"},"query-input":{"@type":"PropertyValueSpecification","valueRequired":true,"valueName":"search_term_string"}}],"inLanguage":"en-US"},{"@type":"Organization","@id":"https:\/\/www.popshaker.fr\/#organization","name":"Popshaker","url":"https:\/\/www.popshaker.fr\/","logo":{"@type":"ImageObject","inLanguage":"en-US","@id":"https:\/\/www.popshaker.fr\/#\/schema\/logo\/image\/","url":"https:\/\/www.popshaker.fr\/wp-content\/uploads\/2023\/06\/profile.png","contentUrl":"https:\/\/www.popshaker.fr\/wp-content\/uploads\/2023\/06\/profile.png","width":300,"height":300,"caption":"Popshaker"},"image":{"@id":"https:\/\/www.popshaker.fr\/#\/schema\/logo\/image\/"},"sameAs":["https:\/\/www.facebook.com\/PopshakerFR","https:\/\/x.com\/Popshaker3","https:\/\/www.tiktok.com\/@popshaker_","https:\/\/www.twitch.tv\/popshaker_","https:\/\/www.linkedin.com\/company\/75486628","https:\/\/www.instagram.com\/popshakerfr\/?hl=fr","https:\/\/www.youtube.com\/channel\/UCeJEitATzKpr358r1GuaKwA"]}]}},"_links":{"self":[{"href":"https:\/\/www.popshaker.fr\/en\/wp-json\/wp\/v2\/pages\/21","targetHints":{"allow":["GET"]}}],"collection":[{"href":"https:\/\/www.popshaker.fr\/en\/wp-json\/wp\/v2\/pages"}],"about":[{"href":"https:\/\/www.popshaker.fr\/en\/wp-json\/wp\/v2\/types\/page"}],"author":[{"embeddable":true,"href":"https:\/\/www.popshaker.fr\/en\/wp-json\/wp\/v2\/users\/1"}],"replies":[{"embeddable":true,"href":"https:\/\/www.popshaker.fr\/en\/wp-json\/wp\/v2\/comments?post=21"}],"version-history":[{"count":46,"href":"https:\/\/www.popshaker.fr\/en\/wp-json\/wp\/v2\/pages\/21\/revisions"}],"predecessor-version":[{"id":1688,"href":"https:\/\/www.popshaker.fr\/en\/wp-json\/wp\/v2\/pages\/21\/revisions\/1688"}],"wp:featuredmedia":[{"embeddable":true,"href":"https:\/\/www.popshaker.fr\/en\/wp-json\/wp\/v2\/media\/212"}],"wp:attachment":[{"href":"https:\/\/www.popshaker.fr\/en\/wp-json\/wp\/v2\/media?parent=21"}],"curies":[{"name":"wp","href":"https:\/\/api.w.org\/{rel}","templated":true}]}}