{"id":2,"date":"2018-04-26T00:48:05","date_gmt":"2018-04-25T22:48:05","guid":{"rendered":"https:\/\/www.popshaker.fr\/?page_id=2"},"modified":"2023-06-01T20:46:59","modified_gmt":"2023-06-01T18:46:59","slug":"popshaker-groupe-musique-evenements-gironde","status":"publish","type":"page","link":"https:\/\/www.popshaker.fr\/en\/","title":{"rendered":"Home"},"content":{"rendered":"\t\t<div data-elementor-type=\"wp-page\" data-elementor-id=\"2\" class=\"elementor elementor-2\">\n\t\t\t\t\t\t<section class=\"elementor-section elementor-top-section elementor-element elementor-element-59fb671 elementor-section-height-min-height elementor-section-boxed elementor-section-height-default elementor-section-items-middle\" data-id=\"59fb671\" data-element_type=\"section\" data-e-type=\"section\" data-settings=\"{&quot;background_background&quot;:&quot;video&quot;,&quot;background_video_link&quot;:&quot;https:\\\/\\\/www.youtube.com\\\/watch?v=ukUUC9eon84&quot;,&quot;background_play_on_mobile&quot;:&quot;yes&quot;}\">\n\t\t\t\t\t\t\t\t<div class=\"elementor-background-video-container\">\n\t\t\t\t\t\t\t\t\t\t\t\t\t<div class=\"elementor-background-video-embed\" role=\"presentation\"><\/div>\n\t\t\t\t\t\t\t\t\t\t\t\t<\/div>\n\t\t\t\t\t\t\t\t<div class=\"elementor-container elementor-column-gap-default\">\n\t\t\t\t\t<div class=\"elementor-column elementor-col-100 elementor-top-column elementor-element elementor-element-475a89e\" data-id=\"475a89e\" data-element_type=\"column\" data-e-type=\"column\">\n\t\t\t<div class=\"elementor-widget-wrap elementor-element-populated\">\n\t\t\t\t\t\t<div class=\"elementor-element elementor-element-286d80b elementor-hidden-desktop elementor-hidden-tablet elementor-hidden-mobile elementor-widget elementor-widget-image\" data-id=\"286d80b\" data-element_type=\"widget\" data-e-type=\"widget\" data-widget_type=\"image.default\">\n\t\t\t\t<div class=\"elementor-widget-container\">\n\t\t\t\t\t\t\t\t\t\t\t\t<figure class=\"wp-caption\">\n\t\t\t\t\t\t\t\t\t\t<img decoding=\"async\" width=\"150\" height=\"150\" src=\"https:\/\/www.popshaker.fr\/wp-content\/uploads\/2021\/06\/158931560_3787207708022482_4620959449650535269_n-150x150.jpg\" class=\"attachment-thumbnail size-thumbnail wp-image-832\" alt=\"Popshaker Groupe Rock Gironde\" srcset=\"https:\/\/www.popshaker.fr\/wp-content\/uploads\/2021\/06\/158931560_3787207708022482_4620959449650535269_n-150x150.jpg 150w, https:\/\/www.popshaker.fr\/wp-content\/uploads\/2021\/06\/158931560_3787207708022482_4620959449650535269_n-650x650.jpg 650w, https:\/\/www.popshaker.fr\/wp-content\/uploads\/2021\/06\/158931560_3787207708022482_4620959449650535269_n-350x350.jpg 350w, https:\/\/www.popshaker.fr\/wp-content\/uploads\/2021\/06\/158931560_3787207708022482_4620959449650535269_n-90x90.jpg 90w\" sizes=\"(max-width: 150px) 100vw, 150px\" \/>\t\t\t\t\t\t\t\t\t\t\t<figcaption class=\"widget-image-caption wp-caption-text\"><\/figcaption>\n\t\t\t\t\t\t\t\t\t\t<\/figure>\n\t\t\t\t\t\t\t\t\t<\/div>\n\t\t\t\t<\/div>\n\t\t\t\t<div class=\"elementor-element elementor-element-c3bd3ef elementor-hidden-desktop elementor-hidden-tablet elementor-hidden-mobile elementor-widget elementor-widget-text-editor\" data-id=\"c3bd3ef\" data-element_type=\"widget\" data-e-type=\"widget\" data-widget_type=\"text-editor.default\">\n\t\t\t\t<div class=\"elementor-widget-container\">\n\t\t\t\t\t\t\t\t\t<div><div><div><div class=\"flex flex-grow flex-col gap-3\"><div class=\"min-h-[20px] flex flex-col items-start gap-4 whitespace-pre-wrap break-words\"><div class=\"markdown prose w-full break-words dark:prose-invert light\"><p>Popshaker, groupe rock de la Gironde, est bien plus qu&rsquo;un simple groupe de musique, ils enflamment vos \u00e9v\u00e9nements et cr\u00e9ent des souvenirs inoubliables gr\u00e2ce \u00e0 leur \u00e9nergie d\u00e9bordante et leur passion contagieuse&#8230; Popshaker s&rsquo;impose comme l&rsquo;un des groupes rock les plus dynamiques de la sc\u00e8ne musicale en Gironde et dans le sud-ouest.<\/p><p>Avec leur \u00e9nergie d\u00e9bordante et leur passion contagieuse, ils s&rsquo;imposent comme<br \/>l&rsquo;un des groupes rock les plus dynamiques de la sc\u00e8ne musicale locale.<\/p><\/div><\/div><\/div><p>Compos\u00e9 de musiciens talentueux et exp\u00e9riment\u00e9s, Popshaker sait comment faire vibrer le public girondin.<\/p><p>Que ce soit des <a href=\"https:\/\/www.youtube.com\/shorts\/2wLSOl7vg_k\">mariages<\/a>, <a href=\"https:\/\/www.popshaker.fr\/wp-content\/uploads\/2023\/06\/159992512_802722433660938_2849779496199513257_n.mp4\">des cocktails d&rsquo;entreprise<\/a>, des soir\u00e9es priv\u00e9es, des concerts en plein air ou des <a href=\"https:\/\/www.popshaker.fr\/rockshow-90-00\/\">festivals<\/a>, ce groupe rock de la Gironde est capable de s&rsquo;adapter \u00e0 tous les types d&rsquo;\u00e9v\u00e9nements.<\/p><p>Leur vaste r\u00e9pertoire rock et pop rock couvre les succ\u00e8s intemporels des ann\u00e9es 60 jusqu&rsquo;aux tubes les plus r\u00e9cents.<\/p><p>Quelle que soit la g\u00e9n\u00e9ration pr\u00e9sente, Popshaker saura les faire danser et chanter le temps d&rsquo;un voyage musical de deux heures ou plus.<\/p><p>En plus de leurs performances \u00e9lectrisantes, Popshaker propose \u00e9galement des formules adapt\u00e9es \u00e0 vos besoins.<\/p><p>Ils peuvent se produire en version <a href=\"https:\/\/www.popshaker.fr\/trio\/\">acoustique<\/a>, offrant une atmosph\u00e8re intime et chaleureuse pour des moments plus doux et m\u00e9lodiques.<\/p><p>De plus, le groupe propose une option avec <a href=\"https:\/\/www.popshaker.fr\/soiree-dansante\/\">batterie \u00e9lectronique<\/a> pour r\u00e9duire le volume sc\u00e9nique et sonore, id\u00e9ale pour les espaces restreints.<\/p><p>Au-del\u00e0 de leur talent musical, Popshaker se distingue par sa capacit\u00e9 \u00e0 interagir avec le public et \u00e0 cr\u00e9er une ambiance festive.<\/p><p>Leur pr\u00e9sence sur sc\u00e8ne est \u00e9lectrisante, et ils savent comment mettre le feu \u00e0 la piste de danse. En tant que groupe rock bordelais, ils sont fiers de repr\u00e9senter la sc\u00e8ne musicale locale et de faire vibrer la r\u00e9gion avec leur musique.<\/p><p>Les membres de Popshaker sont des professionnels chevronn\u00e9s, s\u00e9rieux dans leur approche et d\u00e9vou\u00e9s \u00e0 offrir une exp\u00e9rience musicale exceptionnelle \u00e0 leur public.<\/p><p>Leur objectif est de rendre chaque \u00e9v\u00e9nement m\u00e9morable en cr\u00e9ant une atmosph\u00e8re envo\u00fbtante et en mettant leur talent au service de votre plaisir.<\/p><p>Pour r\u00e9server Popshaker, groupe pop-rock de la Gironde, et apporter une touche rock \u00e0 votre prochain \u00e9v\u00e9nement dans la r\u00e9gion, contactez-nous d\u00e8s maintenant.<\/p><p>Pr\u00e9parez-vous \u00e0 vivre une soir\u00e9e inoubliable, o\u00f9 la musique, l&rsquo;\u00e9nergie et le divertissement seront au rendez-vous gr\u00e2ce \u00e0 Popshaker, le groupe rock de Bordeaux qui sait comment faire vibrer les foules.<\/p><\/div><\/div><\/div>\t\t\t\t\t\t\t\t<\/div>\n\t\t\t\t<\/div>\n\t\t\t\t\t<\/div>\n\t\t<\/div>\n\t\t\t\t\t<\/div>\n\t\t<\/section>\n\t\t\t\t<\/div>\n\t\t","protected":false},"excerpt":{"rendered":"<p>Popshaker, groupe rock de la Gironde, est bien plus qu&rsquo;un simple groupe de musique, ils enflamment vos \u00e9v\u00e9nements et cr\u00e9ent des souvenirs inoubliables gr\u00e2ce \u00e0 leur \u00e9nergie d\u00e9bordante et leur passion contagieuse&#8230; Popshaker s&rsquo;impose comme l&rsquo;un des groupes rock les plus dynamiques de la sc\u00e8ne musicale en Gironde et dans le sud-ouest. Avec leur \u00e9nergie [&hellip;]<\/p>\n","protected":false},"author":1,"featured_media":0,"parent":0,"menu_order":0,"comment_status":"closed","ping_status":"open","template":"elementor_header_footer","meta":{"footnotes":""},"class_list":["post-2","page","type-page","status-publish","hentry"],"yoast_head":"<!-- This site is optimized with the Yoast SEO plugin v27.3 - https:\/\/yoast.com\/product\/yoast-seo-wordpress\/ -->\n<title>Popshaker Groupe Rock Gironde<\/title>\n<meta name=\"description\" content=\"Popshaker, le groupe rock incontournable pour vos \u00e9v\u00e8nements en Gironde. Ambiance \u00e9lectrisante et r\u00e9pertoire vari\u00e9. R\u00e9servez d\u00e8s maintenant !\" \/>\n<meta name=\"robots\" content=\"index, follow, max-snippet:-1, max-image-preview:large, max-video-preview:-1\" \/>\n<link rel=\"canonical\" href=\"https:\/\/www.popshaker.fr\/en\/\" \/>\n<meta property=\"og:locale\" content=\"en_US\" \/>\n<meta property=\"og:type\" content=\"article\" \/>\n<meta property=\"og:title\" content=\"Popshaker Groupe Rock Gironde\" \/>\n<meta property=\"og:description\" content=\"Popshaker, le groupe rock incontournable pour vos \u00e9v\u00e8nements en Gironde. Ambiance \u00e9lectrisante et r\u00e9pertoire vari\u00e9. R\u00e9servez d\u00e8s maintenant !\" \/>\n<meta property=\"og:url\" content=\"https:\/\/www.popshaker.fr\/en\/\" \/>\n<meta property=\"og:site_name\" content=\"Popshaker\" \/>\n<meta property=\"article:publisher\" content=\"https:\/\/www.facebook.com\/PopshakerFR\" \/>\n<meta property=\"article:modified_time\" content=\"2023-06-01T18:46:59+00:00\" \/>\n<meta property=\"og:image\" content=\"https:\/\/www.popshaker.fr\/wp-content\/uploads\/2021\/06\/158931560_3787207708022482_4620959449650535269_n-150x150.jpg\" \/>\n<meta name=\"twitter:card\" content=\"summary_large_image\" \/>\n<meta name=\"twitter:site\" content=\"@Popshaker3\" \/>\n<meta name=\"twitter:label1\" content=\"Est. reading time\" \/>\n\t<meta name=\"twitter:data1\" content=\"3 minutes\" \/>\n<script type=\"application\/ld+json\" class=\"yoast-schema-graph\">{\"@context\":\"https:\\\/\\\/schema.org\",\"@graph\":[{\"@type\":\"WebPage\",\"@id\":\"https:\\\/\\\/www.popshaker.fr\\\/\",\"url\":\"https:\\\/\\\/www.popshaker.fr\\\/\",\"name\":\"Popshaker Groupe Rock Gironde\",\"isPartOf\":{\"@id\":\"https:\\\/\\\/www.popshaker.fr\\\/#website\"},\"primaryImageOfPage\":{\"@id\":\"https:\\\/\\\/www.popshaker.fr\\\/#primaryimage\"},\"image\":{\"@id\":\"https:\\\/\\\/www.popshaker.fr\\\/#primaryimage\"},\"thumbnailUrl\":\"https:\\\/\\\/www.popshaker.fr\\\/wp-content\\\/uploads\\\/2021\\\/06\\\/158931560_3787207708022482_4620959449650535269_n-150x150.jpg\",\"datePublished\":\"2018-04-25T22:48:05+00:00\",\"dateModified\":\"2023-06-01T18:46:59+00:00\",\"description\":\"Popshaker, le groupe rock incontournable pour vos \u00e9v\u00e8nements en Gironde. Ambiance \u00e9lectrisante et r\u00e9pertoire vari\u00e9. R\u00e9servez d\u00e8s maintenant !\",\"breadcrumb\":{\"@id\":\"https:\\\/\\\/www.popshaker.fr\\\/#breadcrumb\"},\"inLanguage\":\"en-US\",\"potentialAction\":[{\"@type\":\"ReadAction\",\"target\":[\"https:\\\/\\\/www.popshaker.fr\\\/\"]}]},{\"@type\":\"ImageObject\",\"inLanguage\":\"en-US\",\"@id\":\"https:\\\/\\\/www.popshaker.fr\\\/#primaryimage\",\"url\":\"https:\\\/\\\/www.popshaker.fr\\\/wp-content\\\/uploads\\\/2021\\\/06\\\/158931560_3787207708022482_4620959449650535269_n-150x150.jpg\",\"contentUrl\":\"https:\\\/\\\/www.popshaker.fr\\\/wp-content\\\/uploads\\\/2021\\\/06\\\/158931560_3787207708022482_4620959449650535269_n-150x150.jpg\"},{\"@type\":\"BreadcrumbList\",\"@id\":\"https:\\\/\\\/www.popshaker.fr\\\/#breadcrumb\",\"itemListElement\":[{\"@type\":\"ListItem\",\"position\":1,\"name\":\"Accueil\",\"item\":\"https:\\\/\\\/www.popshaker.fr\\\/\"},{\"@type\":\"ListItem\",\"position\":2,\"name\":\"Accueil\"}]},{\"@type\":\"WebSite\",\"@id\":\"https:\\\/\\\/www.popshaker.fr\\\/#website\",\"url\":\"https:\\\/\\\/www.popshaker.fr\\\/\",\"name\":\"Popshaker - Concert Pop Rock\",\"description\":\"Concerts Pop Rock Bordeaux Gironde \",\"publisher\":{\"@id\":\"https:\\\/\\\/www.popshaker.fr\\\/#organization\"},\"potentialAction\":[{\"@type\":\"SearchAction\",\"target\":{\"@type\":\"EntryPoint\",\"urlTemplate\":\"https:\\\/\\\/www.popshaker.fr\\\/?s={search_term_string}\"},\"query-input\":{\"@type\":\"PropertyValueSpecification\",\"valueRequired\":true,\"valueName\":\"search_term_string\"}}],\"inLanguage\":\"en-US\"},{\"@type\":\"Organization\",\"@id\":\"https:\\\/\\\/www.popshaker.fr\\\/#organization\",\"name\":\"Popshaker\",\"url\":\"https:\\\/\\\/www.popshaker.fr\\\/\",\"logo\":{\"@type\":\"ImageObject\",\"inLanguage\":\"en-US\",\"@id\":\"https:\\\/\\\/www.popshaker.fr\\\/#\\\/schema\\\/logo\\\/image\\\/\",\"url\":\"https:\\\/\\\/www.popshaker.fr\\\/wp-content\\\/uploads\\\/2023\\\/06\\\/profile.png\",\"contentUrl\":\"https:\\\/\\\/www.popshaker.fr\\\/wp-content\\\/uploads\\\/2023\\\/06\\\/profile.png\",\"width\":300,\"height\":300,\"caption\":\"Popshaker\"},\"image\":{\"@id\":\"https:\\\/\\\/www.popshaker.fr\\\/#\\\/schema\\\/logo\\\/image\\\/\"},\"sameAs\":[\"https:\\\/\\\/www.facebook.com\\\/PopshakerFR\",\"https:\\\/\\\/x.com\\\/Popshaker3\",\"https:\\\/\\\/www.tiktok.com\\\/@popshaker_\",\"https:\\\/\\\/www.twitch.tv\\\/popshaker_\",\"https:\\\/\\\/www.linkedin.com\\\/company\\\/75486628\",\"https:\\\/\\\/www.instagram.com\\\/popshakerfr\\\/?hl=fr\",\"https:\\\/\\\/www.youtube.com\\\/channel\\\/UCeJEitATzKpr358r1GuaKwA\"]}]}<\/script>\n<!-- \/ Yoast SEO plugin. -->","yoast_head_json":{"title":"Popshaker Groupe Rock Gironde","description":"Popshaker, le groupe rock incontournable pour vos \u00e9v\u00e8nements en Gironde. Ambiance \u00e9lectrisante et r\u00e9pertoire vari\u00e9. R\u00e9servez d\u00e8s maintenant !","robots":{"index":"index","follow":"follow","max-snippet":"max-snippet:-1","max-image-preview":"max-image-preview:large","max-video-preview":"max-video-preview:-1"},"canonical":"https:\/\/www.popshaker.fr\/en\/","og_locale":"en_US","og_type":"article","og_title":"Popshaker Groupe Rock Gironde","og_description":"Popshaker, le groupe rock incontournable pour vos \u00e9v\u00e8nements en Gironde. Ambiance \u00e9lectrisante et r\u00e9pertoire vari\u00e9. R\u00e9servez d\u00e8s maintenant !","og_url":"https:\/\/www.popshaker.fr\/en\/","og_site_name":"Popshaker","article_publisher":"https:\/\/www.facebook.com\/PopshakerFR","article_modified_time":"2023-06-01T18:46:59+00:00","og_image":[{"url":"https:\/\/www.popshaker.fr\/wp-content\/uploads\/2021\/06\/158931560_3787207708022482_4620959449650535269_n-150x150.jpg","type":"","width":"","height":""}],"twitter_card":"summary_large_image","twitter_site":"@Popshaker3","twitter_misc":{"Est. reading time":"3 minutes"},"schema":{"@context":"https:\/\/schema.org","@graph":[{"@type":"WebPage","@id":"https:\/\/www.popshaker.fr\/","url":"https:\/\/www.popshaker.fr\/","name":"Popshaker Groupe Rock Gironde","isPartOf":{"@id":"https:\/\/www.popshaker.fr\/#website"},"primaryImageOfPage":{"@id":"https:\/\/www.popshaker.fr\/#primaryimage"},"image":{"@id":"https:\/\/www.popshaker.fr\/#primaryimage"},"thumbnailUrl":"https:\/\/www.popshaker.fr\/wp-content\/uploads\/2021\/06\/158931560_3787207708022482_4620959449650535269_n-150x150.jpg","datePublished":"2018-04-25T22:48:05+00:00","dateModified":"2023-06-01T18:46:59+00:00","description":"Popshaker, le groupe rock incontournable pour vos \u00e9v\u00e8nements en Gironde. Ambiance \u00e9lectrisante et r\u00e9pertoire vari\u00e9. R\u00e9servez d\u00e8s maintenant !","breadcrumb":{"@id":"https:\/\/www.popshaker.fr\/#breadcrumb"},"inLanguage":"en-US","potentialAction":[{"@type":"ReadAction","target":["https:\/\/www.popshaker.fr\/"]}]},{"@type":"ImageObject","inLanguage":"en-US","@id":"https:\/\/www.popshaker.fr\/#primaryimage","url":"https:\/\/www.popshaker.fr\/wp-content\/uploads\/2021\/06\/158931560_3787207708022482_4620959449650535269_n-150x150.jpg","contentUrl":"https:\/\/www.popshaker.fr\/wp-content\/uploads\/2021\/06\/158931560_3787207708022482_4620959449650535269_n-150x150.jpg"},{"@type":"BreadcrumbList","@id":"https:\/\/www.popshaker.fr\/#breadcrumb","itemListElement":[{"@type":"ListItem","position":1,"name":"Accueil","item":"https:\/\/www.popshaker.fr\/"},{"@type":"ListItem","position":2,"name":"Accueil"}]},{"@type":"WebSite","@id":"https:\/\/www.popshaker.fr\/#website","url":"https:\/\/www.popshaker.fr\/","name":"Popshaker - Concert Pop Rock","description":"Concerts Pop Rock Bordeaux Gironde","publisher":{"@id":"https:\/\/www.popshaker.fr\/#organization"},"potentialAction":[{"@type":"SearchAction","target":{"@type":"EntryPoint","urlTemplate":"https:\/\/www.popshaker.fr\/?s={search_term_string}"},"query-input":{"@type":"PropertyValueSpecification","valueRequired":true,"valueName":"search_term_string"}}],"inLanguage":"en-US"},{"@type":"Organization","@id":"https:\/\/www.popshaker.fr\/#organization","name":"Popshaker","url":"https:\/\/www.popshaker.fr\/","logo":{"@type":"ImageObject","inLanguage":"en-US","@id":"https:\/\/www.popshaker.fr\/#\/schema\/logo\/image\/","url":"https:\/\/www.popshaker.fr\/wp-content\/uploads\/2023\/06\/profile.png","contentUrl":"https:\/\/www.popshaker.fr\/wp-content\/uploads\/2023\/06\/profile.png","width":300,"height":300,"caption":"Popshaker"},"image":{"@id":"https:\/\/www.popshaker.fr\/#\/schema\/logo\/image\/"},"sameAs":["https:\/\/www.facebook.com\/PopshakerFR","https:\/\/x.com\/Popshaker3","https:\/\/www.tiktok.com\/@popshaker_","https:\/\/www.twitch.tv\/popshaker_","https:\/\/www.linkedin.com\/company\/75486628","https:\/\/www.instagram.com\/popshakerfr\/?hl=fr","https:\/\/www.youtube.com\/channel\/UCeJEitATzKpr358r1GuaKwA"]}]}},"_links":{"self":[{"href":"https:\/\/www.popshaker.fr\/en\/wp-json\/wp\/v2\/pages\/2","targetHints":{"allow":["GET"]}}],"collection":[{"href":"https:\/\/www.popshaker.fr\/en\/wp-json\/wp\/v2\/pages"}],"about":[{"href":"https:\/\/www.popshaker.fr\/en\/wp-json\/wp\/v2\/types\/page"}],"author":[{"embeddable":true,"href":"https:\/\/www.popshaker.fr\/en\/wp-json\/wp\/v2\/users\/1"}],"replies":[{"embeddable":true,"href":"https:\/\/www.popshaker.fr\/en\/wp-json\/wp\/v2\/comments?post=2"}],"version-history":[{"count":106,"href":"https:\/\/www.popshaker.fr\/en\/wp-json\/wp\/v2\/pages\/2\/revisions"}],"predecessor-version":[{"id":1771,"href":"https:\/\/www.popshaker.fr\/en\/wp-json\/wp\/v2\/pages\/2\/revisions\/1771"}],"wp:attachment":[{"href":"https:\/\/www.popshaker.fr\/en\/wp-json\/wp\/v2\/media?parent=2"}],"curies":[{"name":"wp","href":"https:\/\/api.w.org\/{rel}","templated":true}]}}