{"id":17,"date":"2018-04-26T00:58:04","date_gmt":"2018-04-25T22:58:04","guid":{"rendered":"https:\/\/www.popshaker.fr\/?page_id=17"},"modified":"2023-07-13T16:27:54","modified_gmt":"2023-07-13T14:27:54","slug":"trio","status":"publish","type":"page","link":"https:\/\/www.popshaker.fr\/en\/trio\/","title":{"rendered":"Acoustic"},"content":{"rendered":"<div data-elementor-type=\"wp-page\" data-elementor-id=\"17\" class=\"elementor elementor-17\">\n\t\t\t\t\t\t<section class=\"elementor-section elementor-top-section elementor-element elementor-element-a8b9165 elementor-section-full_width elementor-section-stretched elementor-section-height-default elementor-section-height-default\" data-id=\"a8b9165\" data-element_type=\"section\" data-e-type=\"section\" data-settings=\"{&quot;stretch_section&quot;:&quot;section-stretched&quot;,&quot;background_background&quot;:&quot;video&quot;,&quot;background_video_link&quot;:&quot;https:\\\/\\\/www.youtube.com\\\/watch?v=rH3LgU7dVCs&quot;,&quot;background_video_start&quot;:20}\">\n\t\t\t\t\t\t\t\t<div class=\"elementor-background-video-container elementor-hidden-mobile\">\n\t\t\t\t\t\t\t\t\t\t\t\t\t<div class=\"elementor-background-video-embed\" role=\"presentation\"><\/div>\n\t\t\t\t\t\t\t\t\t\t\t\t<\/div>\n\t\t\t\t\t\t\t\t\t<div class=\"elementor-background-overlay\"><\/div>\n\t\t\t\t\t\t\t<div class=\"elementor-container elementor-column-gap-default\">\n\t\t\t\t\t<div class=\"elementor-column elementor-col-100 elementor-top-column elementor-element elementor-element-051fc83\" data-id=\"051fc83\" data-element_type=\"column\" data-e-type=\"column\">\n\t\t\t<div class=\"elementor-widget-wrap elementor-element-populated\">\n\t\t\t\t\t\t<section class=\"elementor-section elementor-inner-section elementor-element elementor-element-2a0d791 elementor-section-boxed elementor-section-height-default elementor-section-height-default\" data-id=\"2a0d791\" data-element_type=\"section\" data-e-type=\"section\" data-settings=\"{&quot;background_background&quot;:&quot;classic&quot;}\">\n\t\t\t\t\t\t<div class=\"elementor-container elementor-column-gap-default\">\n\t\t\t\t\t<div class=\"elementor-column elementor-col-100 elementor-inner-column elementor-element elementor-element-c5f20e1\" data-id=\"c5f20e1\" data-element_type=\"column\" data-e-type=\"column\">\n\t\t\t<div class=\"elementor-widget-wrap elementor-element-populated\">\n\t\t\t\t\t\t<div class=\"elementor-element elementor-element-244f4d9 elementor-widget elementor-widget-heading\" data-id=\"244f4d9\" data-element_type=\"widget\" data-e-type=\"widget\" data-widget_type=\"heading.default\">\n\t\t\t\t<div class=\"elementor-widget-container\">\n\t\t\t\t\t<h3 class=\"elementor-heading-title elementor-size-default\">Popshaker delivers the rock, pop rock, and Rhythm'n'Blues standards from artists spanning the 50s to today.<\/h3>\t\t\t\t<\/div>\n\t\t\t\t<\/div>\n\t\t\t\t\t<\/div>\n\t\t<\/div>\n\t\t\t\t\t<\/div>\n\t\t<\/section>\n\t\t\t\t<section class=\"elementor-section elementor-inner-section elementor-element elementor-element-890bb08 elementor-section-boxed elementor-section-height-default elementor-section-height-default\" data-id=\"890bb08\" data-element_type=\"section\" data-e-type=\"section\">\n\t\t\t\t\t\t<div class=\"elementor-container elementor-column-gap-default\">\n\t\t\t\t\t<div class=\"elementor-column elementor-col-50 elementor-inner-column elementor-element elementor-element-9432b40\" data-id=\"9432b40\" data-element_type=\"column\" data-e-type=\"column\">\n\t\t\t<div class=\"elementor-widget-wrap elementor-element-populated\">\n\t\t\t\t\t\t<div class=\"elementor-element elementor-element-cf13f1e elementor-widget elementor-widget-video\" data-id=\"cf13f1e\" data-element_type=\"widget\" data-e-type=\"widget\" data-settings=\"{&quot;youtube_url&quot;:&quot;https:\\\/\\\/www.youtube.com\\\/watch?v=rH3LgU7dVCs&quot;,&quot;video_type&quot;:&quot;youtube&quot;,&quot;controls&quot;:&quot;yes&quot;}\" data-widget_type=\"video.default\">\n\t\t\t\t<div class=\"elementor-widget-container\">\n\t\t\t\t\t\t\t<div class=\"elementor-wrapper elementor-open-inline\">\n\t\t\t<div class=\"elementor-video\"><\/div>\t\t<\/div>\n\t\t\t\t\t\t<\/div>\n\t\t\t\t<\/div>\n\t\t\t\t\t<\/div>\n\t\t<\/div>\n\t\t\t\t<div class=\"elementor-column elementor-col-50 elementor-inner-column elementor-element elementor-element-541ae6c\" data-id=\"541ae6c\" data-element_type=\"column\" data-e-type=\"column\">\n\t\t\t<div class=\"elementor-widget-wrap elementor-element-populated\">\n\t\t\t\t\t\t<div class=\"elementor-element elementor-element-8ab178f elementor-widget elementor-widget-text-editor\" data-id=\"8ab178f\" data-element_type=\"widget\" data-e-type=\"widget\" data-widget_type=\"text-editor.default\">\n\t\t\t\t<div class=\"elementor-widget-container\">\n\t\t\t\t\t\t\t\t\t<p>Popshaker acoustic version, the perfect professional group for your intimate private or public events!<\/p><p>Du cocktail de mariage aux bapt\u00eames ou anniversaires, des bars aux restaurants, playlist dansante ou smooth, nos musiciens bordelais vous offrent un r\u00e9pertoire vari\u00e9 pour une croisi\u00e8re musicale m\u00e9lodieuse qui satisfait toutes les g\u00e9n\u00e9rations.<\/p><p>Depending on your budget and available space, we can perform as a duo or trio, with or without percussion.<\/p><p>Experience a personalized musical ambiance and create unique moments with Popshaker acoustic version!<\/p>\t\t\t\t\t\t\t\t<\/div>\n\t\t\t\t<\/div>\n\t\t\t\t\t<\/div>\n\t\t<\/div>\n\t\t\t\t\t<\/div>\n\t\t<\/section>\n\t\t\t\t<section class=\"elementor-section elementor-inner-section elementor-element elementor-element-c257a97 elementor-section-boxed elementor-section-height-default elementor-section-height-default\" data-id=\"c257a97\" data-element_type=\"section\" data-e-type=\"section\" data-settings=\"{&quot;background_background&quot;:&quot;classic&quot;}\">\n\t\t\t\t\t\t<div class=\"elementor-container elementor-column-gap-default\">\n\t\t\t\t\t<div class=\"elementor-column elementor-col-100 elementor-inner-column elementor-element elementor-element-bb5bea3\" data-id=\"bb5bea3\" data-element_type=\"column\" data-e-type=\"column\">\n\t\t\t<div class=\"elementor-widget-wrap elementor-element-populated\">\n\t\t\t\t\t\t<div class=\"elementor-element elementor-element-b72395f elementor-widget elementor-widget-heading\" data-id=\"b72395f\" data-element_type=\"widget\" data-e-type=\"widget\" data-widget_type=\"heading.default\">\n\t\t\t\t<div class=\"elementor-widget-container\">\n\t\t\t\t\t<h2 class=\"elementor-heading-title elementor-size-default\">Setlist<\/h2>\t\t\t\t<\/div>\n\t\t\t\t<\/div>\n\t\t\t\t<div class=\"elementor-element elementor-element-da9d05f elementor-widget elementor-widget-text-editor\" data-id=\"da9d05f\" data-element_type=\"widget\" data-e-type=\"widget\" data-widget_type=\"text-editor.default\">\n\t\t\t\t<div class=\"elementor-widget-container\">\n\t\t\t\t\t\t\t\t\t<p>4 Non blondes \u2013 What\u2019s up<br \/>AaRON \u2013 Mister K<br \/>Abba &#8211; Waterloo<br \/>A-ha \u2013 Take on me<br \/>Aretha Franklin &#8211; Respect<br \/>Bee gees \u2013 How deep is your love<br \/>Blondie \u2013 Call me<br \/>Blur \u2013 Beetlebum<br \/>Britney Spears \u2013 Toxic<br \/>Cat Stevens \u2013 Wild world<br \/>Charlie Winston \u2013 My Life as a duck<br \/>Cindy Lauper \u2013 Girls just want to have fun<br \/>Crash Test Dummies \u2013 Mmm mmm mmm mmm<br \/>David Bowie \u2013 Space Oddity<br \/>Elton John \u2013 I&rsquo;m still standing<br \/>Elton John \u2013 Your Song <br \/>Frank et Nancy Sinatra \u2013 Something stupid<br \/>Jeff Buckley \u2013 Mojo pin<br \/>Jevetta Steele \u2013 Calling you<br \/>Katrina and the waves &#8211; Walking on sunshine<br \/>Keane \u2013 Everybody\u2019s changing<br \/>Leslie Feist \u2013 Gatekeeper<br \/>Linkin park \u2013 Numb<br \/>Moriarty \u2013 Jimmy<br \/>Nancy Sinatra \u2013 These boots are made for walking<br \/>Neil Young \u2013 You and me<br \/>Oasis \u2013 Don\u2019t look back in anger<br \/>Phil Collins \u2013 Another day in paradise<br \/>Queen \u2013 Crazy little thing called love<br \/>Queen \u2013 Don&rsquo;t stop me now<br \/>Radiohead \u2013 High and dry<br \/>Red Hot Chili peppers \u2013 Californication<br \/>REM \u2013 Losing my religion<br \/>Righteous Brothers \u2013 Unchained melody<br \/>Roger Glover \u2013 Love is all<br \/>Sheryl Crow \u2013 Sweet child o\u2019 mine<br \/>Sia \u2013 Chandelier<br \/>Simon &amp; Garfunkel \u2013 Mrs Robinson<br \/>Sin\u00e9ad O\u2019Connor \u2013 Nothing compares 2 U<br \/>Stealers Wheel &#8211; Stuck in the middle with you<br \/>Supertramp \u2013 Breakfast in America<br \/>Supertramp \u2013 Logical song<br \/>Tears for fears \u2013 Mad world<br \/>The Beach Boys \u2013 Surfin USA<br \/>The Beatles \u2013 Hard day\u2019s night<br \/>The Beatles \u2013 Help<br \/>The Beatles \u2013 Twist and shout<br \/>The Beatles \u2013 With a little help from my friends <br \/>The Doors \u2013 Love street<br \/>The Eagles \u2013 Hotel California<br \/>The Eagles \u2013 Take it easy<br \/>The Everly Brothers \u2013 Wake up little Susie<br \/>The Kinks \u2013 Sunny Afternoon<br \/>The Mamas &amp; the Papas \u2013 Dream a little dream of me<br \/>The Pixies \u2013 Where is my mind<br \/>The Pogues \u2013 Dirty old town<br \/>The Pointer sisters \u2013 I\u2019m so excited<br \/>The Rolling stones \u2013 Paint it black<br \/>The Supremes \/ Phil Collins \u2013 You can&rsquo;t hurry love<br \/>The Turtles \u2013 Happy together<br \/>The Zombies \u2013 Time of the season<br \/>The Zombies \u2013 She&rsquo;s not there<br \/>Travis \u2013 Sing<br \/>Yael Na\u00efm \u2013 New Soul <\/p>\t\t\t\t\t\t\t\t<\/div>\n\t\t\t\t<\/div>\n\t\t\t\t\t<\/div>\n\t\t<\/div>\n\t\t\t\t\t<\/div>\n\t\t<\/section>\n\t\t\t\t\t<\/div>\n\t\t<\/div>\n\t\t\t\t\t<\/div>\n\t\t<\/section>\n\t\t\t\t<\/div>","protected":false},"excerpt":{"rendered":"<p>Popshaker reprend les standards du rock, pop rock, Rhythm&rsquo;n&rsquo;Blues des artistes des ann\u00e9es 50 \u00e0 nos jours. https:\/\/www.youtube.com\/watch?v=rH3LgU7dVCs Popshaker version acoustique, le groupe professionnel id\u00e9al pour vos animations intimistes priv\u00e9es ou publiques ! Du cocktail de mariage aux bapt\u00eames ou anniversaires, des bars aux restaurants, playlist dansante ou smooth, nos musiciens bordelais vous offrent un [&hellip;]<\/p>\n","protected":false},"author":1,"featured_media":292,"parent":0,"menu_order":0,"comment_status":"closed","ping_status":"closed","template":"elementor_header_footer","meta":{"footnotes":""},"class_list":["post-17","page","type-page","status-publish","has-post-thumbnail","hentry"],"yoast_head":"<!-- This site is optimized with the Yoast SEO plugin v27.3 - https:\/\/yoast.com\/product\/yoast-seo-wordpress\/ -->\n<title>Trio \/ Duo Acoustique - Popshaker<\/title>\n<meta name=\"robots\" content=\"index, follow, max-snippet:-1, max-image-preview:large, max-video-preview:-1\" \/>\n<link rel=\"canonical\" href=\"https:\/\/www.popshaker.fr\/en\/trio\/\" \/>\n<meta property=\"og:locale\" content=\"en_US\" \/>\n<meta property=\"og:type\" content=\"article\" \/>\n<meta property=\"og:title\" content=\"Trio \/ Duo Acoustique - Popshaker\" \/>\n<meta property=\"og:description\" content=\"Popshaker reprend les standards du rock, pop rock, Rhythm&rsquo;n&rsquo;Blues des artistes des ann\u00e9es 50 \u00e0 nos jours. https:\/\/www.youtube.com\/watch?v=rH3LgU7dVCs Popshaker version acoustique, le groupe professionnel id\u00e9al pour vos animations intimistes priv\u00e9es ou publiques ! Du cocktail de mariage aux bapt\u00eames ou anniversaires, des bars aux restaurants, playlist dansante ou smooth, nos musiciens bordelais vous offrent un [&hellip;]\" \/>\n<meta property=\"og:url\" content=\"https:\/\/www.popshaker.fr\/en\/trio\/\" \/>\n<meta property=\"og:site_name\" content=\"Popshaker\" \/>\n<meta property=\"article:publisher\" content=\"https:\/\/www.facebook.com\/PopshakerFR\" \/>\n<meta property=\"article:modified_time\" content=\"2023-07-13T14:27:54+00:00\" \/>\n<meta property=\"og:image\" content=\"https:\/\/www.popshaker.fr\/wp-content\/uploads\/2019\/07\/Front-3-guyslogo.jpg\" \/>\n\t<meta property=\"og:image:width\" content=\"1166\" \/>\n\t<meta property=\"og:image:height\" content=\"540\" \/>\n\t<meta property=\"og:image:type\" content=\"image\/jpeg\" \/>\n<meta name=\"twitter:card\" content=\"summary_large_image\" \/>\n<meta name=\"twitter:site\" content=\"@Popshaker3\" \/>\n<meta name=\"twitter:label1\" content=\"Est. reading time\" \/>\n\t<meta name=\"twitter:data1\" content=\"3 minutes\" \/>\n<script type=\"application\/ld+json\" class=\"yoast-schema-graph\">{\"@context\":\"https:\\\/\\\/schema.org\",\"@graph\":[{\"@type\":\"WebPage\",\"@id\":\"https:\\\/\\\/www.popshaker.fr\\\/trio\\\/\",\"url\":\"https:\\\/\\\/www.popshaker.fr\\\/trio\\\/\",\"name\":\"Trio \\\/ Duo Acoustique - Popshaker\",\"isPartOf\":{\"@id\":\"https:\\\/\\\/www.popshaker.fr\\\/#website\"},\"primaryImageOfPage\":{\"@id\":\"https:\\\/\\\/www.popshaker.fr\\\/trio\\\/#primaryimage\"},\"image\":{\"@id\":\"https:\\\/\\\/www.popshaker.fr\\\/trio\\\/#primaryimage\"},\"thumbnailUrl\":\"https:\\\/\\\/www.popshaker.fr\\\/wp-content\\\/uploads\\\/2019\\\/07\\\/Front-3-guyslogo.jpg\",\"datePublished\":\"2018-04-25T22:58:04+00:00\",\"dateModified\":\"2023-07-13T14:27:54+00:00\",\"breadcrumb\":{\"@id\":\"https:\\\/\\\/www.popshaker.fr\\\/trio\\\/#breadcrumb\"},\"inLanguage\":\"en-US\",\"potentialAction\":[{\"@type\":\"ReadAction\",\"target\":[\"https:\\\/\\\/www.popshaker.fr\\\/trio\\\/\"]}]},{\"@type\":\"ImageObject\",\"inLanguage\":\"en-US\",\"@id\":\"https:\\\/\\\/www.popshaker.fr\\\/trio\\\/#primaryimage\",\"url\":\"https:\\\/\\\/www.popshaker.fr\\\/wp-content\\\/uploads\\\/2019\\\/07\\\/Front-3-guyslogo.jpg\",\"contentUrl\":\"https:\\\/\\\/www.popshaker.fr\\\/wp-content\\\/uploads\\\/2019\\\/07\\\/Front-3-guyslogo.jpg\",\"width\":1166,\"height\":540},{\"@type\":\"BreadcrumbList\",\"@id\":\"https:\\\/\\\/www.popshaker.fr\\\/trio\\\/#breadcrumb\",\"itemListElement\":[{\"@type\":\"ListItem\",\"position\":1,\"name\":\"Accueil\",\"item\":\"https:\\\/\\\/www.popshaker.fr\\\/\"},{\"@type\":\"ListItem\",\"position\":2,\"name\":\"Trio \\\/ Duo Acoustique\"}]},{\"@type\":\"WebSite\",\"@id\":\"https:\\\/\\\/www.popshaker.fr\\\/#website\",\"url\":\"https:\\\/\\\/www.popshaker.fr\\\/\",\"name\":\"Popshaker - Concert Pop Rock\",\"description\":\"Concerts Pop Rock Bordeaux Gironde \",\"publisher\":{\"@id\":\"https:\\\/\\\/www.popshaker.fr\\\/#organization\"},\"potentialAction\":[{\"@type\":\"SearchAction\",\"target\":{\"@type\":\"EntryPoint\",\"urlTemplate\":\"https:\\\/\\\/www.popshaker.fr\\\/?s={search_term_string}\"},\"query-input\":{\"@type\":\"PropertyValueSpecification\",\"valueRequired\":true,\"valueName\":\"search_term_string\"}}],\"inLanguage\":\"en-US\"},{\"@type\":\"Organization\",\"@id\":\"https:\\\/\\\/www.popshaker.fr\\\/#organization\",\"name\":\"Popshaker\",\"url\":\"https:\\\/\\\/www.popshaker.fr\\\/\",\"logo\":{\"@type\":\"ImageObject\",\"inLanguage\":\"en-US\",\"@id\":\"https:\\\/\\\/www.popshaker.fr\\\/#\\\/schema\\\/logo\\\/image\\\/\",\"url\":\"https:\\\/\\\/www.popshaker.fr\\\/wp-content\\\/uploads\\\/2023\\\/06\\\/profile.png\",\"contentUrl\":\"https:\\\/\\\/www.popshaker.fr\\\/wp-content\\\/uploads\\\/2023\\\/06\\\/profile.png\",\"width\":300,\"height\":300,\"caption\":\"Popshaker\"},\"image\":{\"@id\":\"https:\\\/\\\/www.popshaker.fr\\\/#\\\/schema\\\/logo\\\/image\\\/\"},\"sameAs\":[\"https:\\\/\\\/www.facebook.com\\\/PopshakerFR\",\"https:\\\/\\\/x.com\\\/Popshaker3\",\"https:\\\/\\\/www.tiktok.com\\\/@popshaker_\",\"https:\\\/\\\/www.twitch.tv\\\/popshaker_\",\"https:\\\/\\\/www.linkedin.com\\\/company\\\/75486628\",\"https:\\\/\\\/www.instagram.com\\\/popshakerfr\\\/?hl=fr\",\"https:\\\/\\\/www.youtube.com\\\/channel\\\/UCeJEitATzKpr358r1GuaKwA\"]}]}<\/script>\n<!-- \/ Yoast SEO plugin. -->","yoast_head_json":{"title":"Trio \/ Duo Acoustique - Popshaker","robots":{"index":"index","follow":"follow","max-snippet":"max-snippet:-1","max-image-preview":"max-image-preview:large","max-video-preview":"max-video-preview:-1"},"canonical":"https:\/\/www.popshaker.fr\/en\/trio\/","og_locale":"en_US","og_type":"article","og_title":"Trio \/ Duo Acoustique - Popshaker","og_description":"Popshaker reprend les standards du rock, pop rock, Rhythm&rsquo;n&rsquo;Blues des artistes des ann\u00e9es 50 \u00e0 nos jours. https:\/\/www.youtube.com\/watch?v=rH3LgU7dVCs Popshaker version acoustique, le groupe professionnel id\u00e9al pour vos animations intimistes priv\u00e9es ou publiques ! Du cocktail de mariage aux bapt\u00eames ou anniversaires, des bars aux restaurants, playlist dansante ou smooth, nos musiciens bordelais vous offrent un [&hellip;]","og_url":"https:\/\/www.popshaker.fr\/en\/trio\/","og_site_name":"Popshaker","article_publisher":"https:\/\/www.facebook.com\/PopshakerFR","article_modified_time":"2023-07-13T14:27:54+00:00","og_image":[{"width":1166,"height":540,"url":"https:\/\/www.popshaker.fr\/wp-content\/uploads\/2019\/07\/Front-3-guyslogo.jpg","type":"image\/jpeg"}],"twitter_card":"summary_large_image","twitter_site":"@Popshaker3","twitter_misc":{"Est. reading time":"3 minutes"},"schema":{"@context":"https:\/\/schema.org","@graph":[{"@type":"WebPage","@id":"https:\/\/www.popshaker.fr\/trio\/","url":"https:\/\/www.popshaker.fr\/trio\/","name":"Trio \/ Duo Acoustique - Popshaker","isPartOf":{"@id":"https:\/\/www.popshaker.fr\/#website"},"primaryImageOfPage":{"@id":"https:\/\/www.popshaker.fr\/trio\/#primaryimage"},"image":{"@id":"https:\/\/www.popshaker.fr\/trio\/#primaryimage"},"thumbnailUrl":"https:\/\/www.popshaker.fr\/wp-content\/uploads\/2019\/07\/Front-3-guyslogo.jpg","datePublished":"2018-04-25T22:58:04+00:00","dateModified":"2023-07-13T14:27:54+00:00","breadcrumb":{"@id":"https:\/\/www.popshaker.fr\/trio\/#breadcrumb"},"inLanguage":"en-US","potentialAction":[{"@type":"ReadAction","target":["https:\/\/www.popshaker.fr\/trio\/"]}]},{"@type":"ImageObject","inLanguage":"en-US","@id":"https:\/\/www.popshaker.fr\/trio\/#primaryimage","url":"https:\/\/www.popshaker.fr\/wp-content\/uploads\/2019\/07\/Front-3-guyslogo.jpg","contentUrl":"https:\/\/www.popshaker.fr\/wp-content\/uploads\/2019\/07\/Front-3-guyslogo.jpg","width":1166,"height":540},{"@type":"BreadcrumbList","@id":"https:\/\/www.popshaker.fr\/trio\/#breadcrumb","itemListElement":[{"@type":"ListItem","position":1,"name":"Accueil","item":"https:\/\/www.popshaker.fr\/"},{"@type":"ListItem","position":2,"name":"Trio \/ Duo Acoustique"}]},{"@type":"WebSite","@id":"https:\/\/www.popshaker.fr\/#website","url":"https:\/\/www.popshaker.fr\/","name":"Popshaker - Concert Pop Rock","description":"Concerts Pop Rock Bordeaux Gironde","publisher":{"@id":"https:\/\/www.popshaker.fr\/#organization"},"potentialAction":[{"@type":"SearchAction","target":{"@type":"EntryPoint","urlTemplate":"https:\/\/www.popshaker.fr\/?s={search_term_string}"},"query-input":{"@type":"PropertyValueSpecification","valueRequired":true,"valueName":"search_term_string"}}],"inLanguage":"en-US"},{"@type":"Organization","@id":"https:\/\/www.popshaker.fr\/#organization","name":"Popshaker","url":"https:\/\/www.popshaker.fr\/","logo":{"@type":"ImageObject","inLanguage":"en-US","@id":"https:\/\/www.popshaker.fr\/#\/schema\/logo\/image\/","url":"https:\/\/www.popshaker.fr\/wp-content\/uploads\/2023\/06\/profile.png","contentUrl":"https:\/\/www.popshaker.fr\/wp-content\/uploads\/2023\/06\/profile.png","width":300,"height":300,"caption":"Popshaker"},"image":{"@id":"https:\/\/www.popshaker.fr\/#\/schema\/logo\/image\/"},"sameAs":["https:\/\/www.facebook.com\/PopshakerFR","https:\/\/x.com\/Popshaker3","https:\/\/www.tiktok.com\/@popshaker_","https:\/\/www.twitch.tv\/popshaker_","https:\/\/www.linkedin.com\/company\/75486628","https:\/\/www.instagram.com\/popshakerfr\/?hl=fr","https:\/\/www.youtube.com\/channel\/UCeJEitATzKpr358r1GuaKwA"]}]}},"_links":{"self":[{"href":"https:\/\/www.popshaker.fr\/en\/wp-json\/wp\/v2\/pages\/17","targetHints":{"allow":["GET"]}}],"collection":[{"href":"https:\/\/www.popshaker.fr\/en\/wp-json\/wp\/v2\/pages"}],"about":[{"href":"https:\/\/www.popshaker.fr\/en\/wp-json\/wp\/v2\/types\/page"}],"author":[{"embeddable":true,"href":"https:\/\/www.popshaker.fr\/en\/wp-json\/wp\/v2\/users\/1"}],"replies":[{"embeddable":true,"href":"https:\/\/www.popshaker.fr\/en\/wp-json\/wp\/v2\/comments?post=17"}],"version-history":[{"count":92,"href":"https:\/\/www.popshaker.fr\/en\/wp-json\/wp\/v2\/pages\/17\/revisions"}],"predecessor-version":[{"id":1665,"href":"https:\/\/www.popshaker.fr\/en\/wp-json\/wp\/v2\/pages\/17\/revisions\/1665"}],"wp:featuredmedia":[{"embeddable":true,"href":"https:\/\/www.popshaker.fr\/en\/wp-json\/wp\/v2\/media\/292"}],"wp:attachment":[{"href":"https:\/\/www.popshaker.fr\/en\/wp-json\/wp\/v2\/media?parent=17"}],"curies":[{"name":"wp","href":"https:\/\/api.w.org\/{rel}","templated":true}]}}